{"id":4741,"date":"2025-12-19T15:49:26","date_gmt":"2025-12-19T14:49:26","guid":{"rendered":"https:\/\/muspot.art\/?post_type=product&#038;p=4741"},"modified":"2025-12-19T16:06:49","modified_gmt":"2025-12-19T15:06:49","slug":"three-lesmian-songs-zuzanna-koziej","status":"publish","type":"product","link":"https:\/\/muspot.art\/en\/product\/three-lesmian-songs-zuzanna-koziej\/","title":{"rendered":"Three Le\u015bmian Songs &#8211; Zuzanna Koziej"},"content":{"rendered":"<p>&#8222;Three Le\u015bmian Songs&#8221; &#8211; &#8222;Trzy pie\u015bni do s\u0142\u00f3w Le\u015bmiana&#8221; to utw\u00f3r Zuzanny Koziej do wierszy Boles\u0142awa Le\u015bmiana w j\u0119zyku polskim do, przeznaczony na 3-g\u0142osowy ch\u00f3r \u017ce\u0144ski z towarzyszeniem harfy (mo\u017cliwe wykonanie z fortepianem). Niewielkie divisi w altach w jednym fragmencie 3. cz\u0119\u015bci.<br \/>\nPie\u015bni mog\u0105 by\u0107 wykonywane pojedynczo, poza cyklem.<br \/>\nIstnieje wersja w j\u0119zyku w\u0142oskim.<\/p>\n<p>Poziom trudno\u015bci: \u015bredniozaawansowany.<\/p>\n<p>Czas trwania: 9&#8242;-10&#8242;<\/p>\n<ul>\n<li>Ty przychodzisz jak noc majowa &#8211; 2&#8217;30&#8221;<\/li>\n<li>Lubi\u0119 szepta\u0107 ci s\u0142owa &#8211; 3&#8242;<\/li>\n<li>Gdybym spotka\u0142 ciebie &#8211; 4&#8242;<\/li>\n<\/ul>\n<p><span class=\"embed-youtube\" style=\"text-align:center; display: block;\"><iframe loading=\"lazy\" class=\"youtube-player\" width=\"980\" height=\"552\" src=\"https:\/\/www.youtube.com\/embed\/AjJF_IQuDaQ?version=3&#038;rel=1&#038;showsearch=0&#038;showinfo=1&#038;iv_load_policy=1&#038;fs=1&#038;hl=en-GB&#038;autohide=2&#038;wmode=transparent\" allowfullscreen=\"true\" style=\"border:0;\" sandbox=\"allow-scripts allow-same-origin allow-popups allow-presentation allow-popups-to-escape-sandbox\"><\/iframe><\/span><\/p>","protected":false},"excerpt":{"rendered":"<p>&nbsp;<\/p>\n<p>&nbsp;<\/p>","protected":false},"featured_media":4746,"template":"","meta":{"_eb_attr":"","_crdt_document":"","advanced_seo_description":"","jetpack_seo_html_title":"","jetpack_seo_noindex":false,"_EventAllDay":false,"_EventTimezone":"","_EventStartDate":"","_EventEndDate":"","_EventStartDateUTC":"","_EventEndDateUTC":"","_EventShowMap":false,"_EventShowMapLink":false,"_EventURL":"","_EventCost":"","_EventCostDescription":"","_EventCurrencySymbol":"","_EventCurrencyCode":"","_EventCurrencyPosition":"","_EventDateTimeSeparator":"","_EventTimeRangeSeparator":"","_EventOrganizerID":[],"_EventVenueID":[],"_OrganizerEmail":"","_OrganizerPhone":"","_OrganizerWebsite":"","_VenueAddress":"","_VenueCity":"","_VenueCountry":"","_VenueProvince":"","_VenueState":"","_VenueZip":"","_VenuePhone":"","_VenueURL":"","_VenueStateProvince":"","_VenueLat":"","_VenueLng":"","_VenueShowMap":false,"_VenueShowMapLink":false,"_themeisle_gutenberg_block_has_review":false,"jetpack_publicize_message":"","jetpack_publicize_feature_enabled":true,"jetpack_social_post_already_shared":true,"jetpack_social_options":{"image_generator_settings":{"template":"highway","default_image_id":0,"font":"","enabled":false},"version":2},"_wpas_customize_per_network":false},"product_brand":[],"product_cat":[14810,14825],"product_tag":[15039,15106,15205,15057,15123,14942,15084],"class_list":{"0":"post-4741","1":"product","2":"type-product","3":"status-publish","4":"has-post-thumbnail","6":"product_cat-chor-zenski","7":"product_cat-zuzanna-koziej","8":"product_tag-kwiaty","9":"product_tag-las","10":"product_tag-lesmian","11":"product_tag-milosc","12":"product_tag-noc","13":"product_tag-poezja","14":"product_tag-tesknota","15":"pa_czastrwania-5-10","16":"pa_glosy-ssa","17":"pa_glosy-ssaa","18":"pa_jezyk-pl","19":"pa_kompozytor-zuzanna-koziej","20":"pa_lyrics-boleslaw-lesmian","21":"pa_obsada-fortepian","22":"pa_obsada-harfa","23":"pa_poziom-sredniozaawansowany","24":"pa_rok-14873","25":"pa_sklad-chorzenski","26":"pa_strony-15157","27":"pa_styl-poezja","29":"first","30":"instock","31":"downloadable","32":"virtual","33":"purchasable","34":"product-type-simple"},"jetpack_publicize_connections":[],"jetpack_likes_enabled":true,"jetpack_sharing_enabled":false,"jetpack-related-posts":[{"id":4134,"url":"https:\/\/muspot.art\/en\/product\/5-piesni-ludowych-ssaa-zuzanna-koziej\/","url_meta":{"origin":4741,"position":0},"title":"5 polskich pie\u015bni ludowych na ch\u00f3r \u017ce\u0144ski &#8211; Zuzanna Koziej","author":"MUSPOT","date":"23 September 2025","format":false,"excerpt":"5 polskich pie\u015bni ludowych to zbi\u00f3r 5 pie\u015bni na ch\u00f3r \u017ce\u0144ski w opracowaniu Zuzanny Koziej. Przeznaczone na 4 g\u0142osy. Ko\u0142ysz\u017ce si\u0119, ko\u0142ysz Pozic mamo raz Matulu moja Za\u015bwie\u0107 niesi\u0105dzu (divisi do 5 g\u0142os\u00f3w) Oj lulaj, lulaj (z g\u0142osem bia\u0142ym solo) \u00a0 \u00a0","rel":"","context":"Similar post","block_context":{"text":"Similar post","link":""},"img":{"alt_text":"","src":"https:\/\/i0.wp.com\/muspot.art\/wp-content\/uploads\/2025\/09\/Okl_Ludowe_page-0001.jpg?fit=849%2C1200&ssl=1&resize=350%2C200","width":350,"height":200,"srcset":"https:\/\/i0.wp.com\/muspot.art\/wp-content\/uploads\/2025\/09\/Okl_Ludowe_page-0001.jpg?fit=849%2C1200&ssl=1&resize=350%2C200 1x, https:\/\/i0.wp.com\/muspot.art\/wp-content\/uploads\/2025\/09\/Okl_Ludowe_page-0001.jpg?fit=849%2C1200&ssl=1&resize=525%2C300 1.5x, https:\/\/i0.wp.com\/muspot.art\/wp-content\/uploads\/2025\/09\/Okl_Ludowe_page-0001.jpg?fit=849%2C1200&ssl=1&resize=700%2C400 2x"},"classes":[]},{"id":3966,"url":"https:\/\/muspot.art\/en\/product\/salmo-8-zuzanna-koziej\/","url_meta":{"origin":4741,"position":1},"title":"Salmo 8 &#8211; Zuzanna Koziej","author":"MUSPOT","date":"5 September 2025","format":false,"excerpt":"\u00a0 \u00a0","rel":"","context":"Similar post","block_context":{"text":"Similar post","link":""},"img":{"alt_text":"","src":"https:\/\/i0.wp.com\/muspot.art\/wp-content\/uploads\/2025\/09\/Salmo-8-Zuzanna-Koziej-WM_page-0001.jpg?fit=849%2C1200&ssl=1&resize=350%2C200","width":350,"height":200,"srcset":"https:\/\/i0.wp.com\/muspot.art\/wp-content\/uploads\/2025\/09\/Salmo-8-Zuzanna-Koziej-WM_page-0001.jpg?fit=849%2C1200&ssl=1&resize=350%2C200 1x, https:\/\/i0.wp.com\/muspot.art\/wp-content\/uploads\/2025\/09\/Salmo-8-Zuzanna-Koziej-WM_page-0001.jpg?fit=849%2C1200&ssl=1&resize=525%2C300 1.5x, https:\/\/i0.wp.com\/muspot.art\/wp-content\/uploads\/2025\/09\/Salmo-8-Zuzanna-Koziej-WM_page-0001.jpg?fit=849%2C1200&ssl=1&resize=700%2C400 2x"},"classes":[]},{"id":3317,"url":"https:\/\/muspot.art\/en\/product\/winter-lights-zuzanna-koziej\/","url_meta":{"origin":4741,"position":2},"title":"Winter Lights &#8211; Zuzanna Koziej","author":"MUSPOT","date":"23 May 2025","format":false,"excerpt":"CZAS TRWANIA: 3'30'' - 4' Utw\u00f3r na ch\u00f3r \u017ce\u0144ski o tematyce zimowej w j\u0119zyku angielskim. Winter Lights - zimowe \u015bwiat\u0142a. Stopie\u0144 trudno\u015bci: \u015bredniozaawansowany. Dla ch\u00f3r\u00f3w amatorskich, podzia\u0142 na 5 g\u0142os\u00f3w.","rel":"","context":"Similar post","block_context":{"text":"Similar post","link":""},"img":{"alt_text":"","src":"https:\/\/i0.wp.com\/muspot.art\/wp-content\/uploads\/2025\/05\/Winter-Lights-Zuzanna-Koziej-WM_page-0001.jpg?fit=849%2C1200&ssl=1&resize=350%2C200","width":350,"height":200,"srcset":"https:\/\/i0.wp.com\/muspot.art\/wp-content\/uploads\/2025\/05\/Winter-Lights-Zuzanna-Koziej-WM_page-0001.jpg?fit=849%2C1200&ssl=1&resize=350%2C200 1x, https:\/\/i0.wp.com\/muspot.art\/wp-content\/uploads\/2025\/05\/Winter-Lights-Zuzanna-Koziej-WM_page-0001.jpg?fit=849%2C1200&ssl=1&resize=525%2C300 1.5x, https:\/\/i0.wp.com\/muspot.art\/wp-content\/uploads\/2025\/05\/Winter-Lights-Zuzanna-Koziej-WM_page-0001.jpg?fit=849%2C1200&ssl=1&resize=700%2C400 2x"},"classes":[]},{"id":3950,"url":"https:\/\/muspot.art\/en\/product\/rozpalil-nam-pan-bog-zuzanna-koziej\/","url_meta":{"origin":4741,"position":3},"title":"Rozpali\u0142 nam Pan B\u00f3g &#8211; Zuzanna Koziej","author":"MUSPOT","date":"5 September 2025","format":false,"excerpt":"Rozpali\u0142 nam Pan B\u00f3g to polska \u015bwi\u0119toja\u0144ska pie\u015b\u0144 ludowa, w opracowaniu Zuzanny Koziej. Tradycyjnie pie\u015b\u0144 \u015bpiewana podczas obrz\u0119d\u00f3w Nocy Kupalnej przy rozpalaniu ognisk. Przeznaczona na 4-g\u0142osowy ch\u00f3r mieszany z opcjonalnym towarzyszeniem b\u0119bna (wersja najbardziej podstawowa), lub z dodatkiem tr\u00f3jk\u0105ta\/dzwonka, janczar\u00f3w i talerza w wersji najbardziej rozbudowanej. Utw\u00f3r utrzymany w \u017cywym,\u2026","rel":"","context":"Similar post","block_context":{"text":"Similar post","link":""},"img":{"alt_text":"","src":"https:\/\/i0.wp.com\/muspot.art\/wp-content\/uploads\/2025\/09\/Rozpalil-nam-Pan-Bog-Zuzanna-Koziej-WM_page-0001.jpg?fit=849%2C1200&ssl=1&resize=350%2C200","width":350,"height":200,"srcset":"https:\/\/i0.wp.com\/muspot.art\/wp-content\/uploads\/2025\/09\/Rozpalil-nam-Pan-Bog-Zuzanna-Koziej-WM_page-0001.jpg?fit=849%2C1200&ssl=1&resize=350%2C200 1x, https:\/\/i0.wp.com\/muspot.art\/wp-content\/uploads\/2025\/09\/Rozpalil-nam-Pan-Bog-Zuzanna-Koziej-WM_page-0001.jpg?fit=849%2C1200&ssl=1&resize=525%2C300 1.5x, https:\/\/i0.wp.com\/muspot.art\/wp-content\/uploads\/2025\/09\/Rozpalil-nam-Pan-Bog-Zuzanna-Koziej-WM_page-0001.jpg?fit=849%2C1200&ssl=1&resize=700%2C400 2x"},"classes":[]},{"id":2648,"url":"https:\/\/muspot.art\/en\/product\/pozic-mamo-raz-zuzanna-koziej\/","url_meta":{"origin":4741,"position":4},"title":"Pozic mamo raz &#8211; Zuzanna Koziej","author":"MUSPOT","date":"26 April 2025","format":false,"excerpt":"Pozic mamo raz to polska pie\u015b\u0144 ludowa, pochodz\u0105ca z regionu Kurpi\u00f3w, w opracowaniu Zuzanny Koziej. Przeznaczona na 4-g\u0142osowy ch\u00f3r \u017ce\u0144ski, m\u0119ski lub mieszany, bez divisi. Utw\u00f3r utrzymany w spokojnym charakterze, tempie umiarkowanym.","rel":"","context":"Similar post","block_context":{"text":"Similar post","link":""},"img":{"alt_text":"","src":"https:\/\/i0.wp.com\/muspot.art\/wp-content\/uploads\/2025\/04\/MUS_Pozic-SSAA-WM_page-0001.jpg?fit=849%2C1200&ssl=1&resize=350%2C200","width":350,"height":200,"srcset":"https:\/\/i0.wp.com\/muspot.art\/wp-content\/uploads\/2025\/04\/MUS_Pozic-SSAA-WM_page-0001.jpg?fit=849%2C1200&ssl=1&resize=350%2C200 1x, https:\/\/i0.wp.com\/muspot.art\/wp-content\/uploads\/2025\/04\/MUS_Pozic-SSAA-WM_page-0001.jpg?fit=849%2C1200&ssl=1&resize=525%2C300 1.5x, https:\/\/i0.wp.com\/muspot.art\/wp-content\/uploads\/2025\/04\/MUS_Pozic-SSAA-WM_page-0001.jpg?fit=849%2C1200&ssl=1&resize=700%2C400 2x"},"classes":[]},{"id":2836,"url":"https:\/\/muspot.art\/en\/product\/matulu-moja-zuzanna-koziej\/","url_meta":{"origin":4741,"position":5},"title":"Matulu moja &#8211; Zuzanna Koziej","author":"MUSPOT","date":"3 May 2025","format":false,"excerpt":"\"Matulu moja\" to polska pie\u015b\u0144 ludowa, pochodz\u0105ca z regionu Kurpi\u00f3w, w opracowaniu Zuzanny Koziej. Przeznaczona na 4-g\u0142osowy ch\u00f3r \u017ce\u0144ski, m\u0119ski lub mieszany. Utw\u00f3r jest \u017cywio\u0142owy, rytmiczny, o nak\u0142adaj\u0105cych si\u0119 rytmach dwu- i tr\u00f3jdzielnych. Czas trwania: 2' Mo\u017ce zosta\u0107 wykonany w cyklu z innymi opracowaniami: \u2022 Pozic mamo raz (Kurpie), Ko\u0142ysz\u017ce\u2026","rel":"","context":"Similar post","block_context":{"text":"Similar post","link":""},"img":{"alt_text":"","src":"https:\/\/i0.wp.com\/muspot.art\/wp-content\/uploads\/2025\/05\/Matulu-moja-Zuzanna-Koziej-SSAA-WM_page-0001.jpg?fit=849%2C1200&ssl=1&resize=350%2C200","width":350,"height":200,"srcset":"https:\/\/i0.wp.com\/muspot.art\/wp-content\/uploads\/2025\/05\/Matulu-moja-Zuzanna-Koziej-SSAA-WM_page-0001.jpg?fit=849%2C1200&ssl=1&resize=350%2C200 1x, https:\/\/i0.wp.com\/muspot.art\/wp-content\/uploads\/2025\/05\/Matulu-moja-Zuzanna-Koziej-SSAA-WM_page-0001.jpg?fit=849%2C1200&ssl=1&resize=525%2C300 1.5x, https:\/\/i0.wp.com\/muspot.art\/wp-content\/uploads\/2025\/05\/Matulu-moja-Zuzanna-Koziej-SSAA-WM_page-0001.jpg?fit=849%2C1200&ssl=1&resize=700%2C400 2x"},"classes":[]}],"_links":{"self":[{"href":"https:\/\/muspot.art\/en\/wp-json\/wp\/v2\/product\/4741","targetHints":{"allow":["GET"]}}],"collection":[{"href":"https:\/\/muspot.art\/en\/wp-json\/wp\/v2\/product"}],"about":[{"href":"https:\/\/muspot.art\/en\/wp-json\/wp\/v2\/types\/product"}],"wp:featuredmedia":[{"embeddable":true,"href":"https:\/\/muspot.art\/en\/wp-json\/wp\/v2\/media\/4746"}],"wp:attachment":[{"href":"https:\/\/muspot.art\/en\/wp-json\/wp\/v2\/media?parent=4741"}],"wp:term":[{"taxonomy":"product_brand","embeddable":true,"href":"https:\/\/muspot.art\/en\/wp-json\/wp\/v2\/product_brand?post=4741"},{"taxonomy":"product_cat","embeddable":true,"href":"https:\/\/muspot.art\/en\/wp-json\/wp\/v2\/product_cat?post=4741"},{"taxonomy":"product_tag","embeddable":true,"href":"https:\/\/muspot.art\/en\/wp-json\/wp\/v2\/product_tag?post=4741"}],"curies":[{"name":"wp","href":"https:\/\/api.w.org\/{rel}","templated":true}]}}