{"id":4584,"date":"2025-12-02T15:47:59","date_gmt":"2025-12-02T14:47:59","guid":{"rendered":"https:\/\/muspot.art\/?post_type=product&#038;p=4584"},"modified":"2025-12-02T16:19:20","modified_gmt":"2025-12-02T15:19:20","slug":"pater-noster-zuzanna-koziej","status":"publish","type":"product","link":"https:\/\/muspot.art\/en\/product\/pater-noster-zuzanna-koziej\/","title":{"rendered":"Pater Noster &#8211; Zuzanna Koziej"},"content":{"rendered":"<p>&#8222;Pater Noster&#8221; to utw\u00f3r Zuzanny Koziej po \u0142acinie, przeznaczony na 4-g\u0142osowy ch\u00f3r z\u00a0 niewielkim divisi, o \u015bredniozaawansowanym poziomie trudno\u015bci. Utw\u00f3r jest dost\u0119pny w wariantach na ch\u00f3r \u017ce\u0144ski lub ch\u00f3r mieszany.<\/p>\n<p>Czas trwania: 2&#8242; 30&#8221;<\/p>\n<p><iframe title=\"Spotify Embed: Mass of Trust: Pater noster\" style=\"border-radius: 12px\" width=\"100%\" height=\"152\" frameborder=\"0\" allowfullscreen allow=\"autoplay; clipboard-write; encrypted-media; fullscreen; picture-in-picture\" loading=\"lazy\" src=\"https:\/\/open.spotify.com\/embed\/track\/2nsxSiWb8Xiq1xLZdzeCY8?si=19d9ea28d12c4f53&#038;utm_source=oembed\"><\/iframe><\/p>\n<p><iframe title=\"Spotify Embed: PATER NOSTER - 2023 live\" style=\"border-radius: 12px\" width=\"100%\" height=\"152\" frameborder=\"0\" allowfullscreen allow=\"autoplay; clipboard-write; encrypted-media; fullscreen; picture-in-picture\" loading=\"lazy\" src=\"https:\/\/open.spotify.com\/embed\/track\/4RXWWAkXnhgCdgbSBjPHe6?si=fcca9ad1bc5e4a0a&#038;utm_source=oembed\"><\/iframe><\/p>","protected":false},"excerpt":{"rendered":"<p>&nbsp;<\/p>\n<p>&nbsp;<\/p>","protected":false},"featured_media":4597,"template":"","meta":{"_eb_attr":"","_crdt_document":"","advanced_seo_description":"","jetpack_seo_html_title":"","jetpack_seo_noindex":false,"_EventAllDay":false,"_EventTimezone":"","_EventStartDate":"","_EventEndDate":"","_EventStartDateUTC":"","_EventEndDateUTC":"","_EventShowMap":false,"_EventShowMapLink":false,"_EventURL":"","_EventCost":"","_EventCostDescription":"","_EventCurrencySymbol":"","_EventCurrencyCode":"","_EventCurrencyPosition":"","_EventDateTimeSeparator":"","_EventTimeRangeSeparator":"","_EventOrganizerID":[],"_EventVenueID":[],"_OrganizerEmail":"","_OrganizerPhone":"","_OrganizerWebsite":"","_VenueAddress":"","_VenueCity":"","_VenueCountry":"","_VenueProvince":"","_VenueState":"","_VenueZip":"","_VenuePhone":"","_VenueURL":"","_VenueStateProvince":"","_VenueLat":"","_VenueLng":"","_VenueShowMap":false,"_VenueShowMapLink":false,"_themeisle_gutenberg_block_has_review":false,"jetpack_publicize_message":"","jetpack_publicize_feature_enabled":true,"jetpack_social_post_already_shared":true,"jetpack_social_options":{"image_generator_settings":{"template":"highway","default_image_id":0,"font":"","enabled":false},"version":2},"_wpas_customize_per_network":false},"product_brand":[],"product_cat":[14804,14810,14825],"product_tag":[15160,15030,15197,14946],"class_list":{"0":"post-4584","1":"product","2":"type-product","3":"status-publish","4":"has-post-thumbnail","6":"product_cat-chor-mieszany","7":"product_cat-chor-zenski","8":"product_cat-zuzanna-koziej","9":"product_tag-modlitwa","10":"product_tag-msza","11":"product_tag-ojcze-nasz","12":"product_tag-sacred","13":"pa_czastrwania-1-3","14":"pa_glosy-satb","15":"pa_glosy-ssaa","16":"pa_glosy-sssaa","17":"pa_jezyk-latin","18":"pa_kompozytor-zuzanna-koziej","19":"pa_obsada-acappella","20":"pa_poziom-sredniozaawansowany","21":"pa_rok-14868","22":"pa_sklad-chormieszany","23":"pa_sklad-chorzenski","24":"pa_strony-14928","25":"pa_styl-sakralne","27":"first","28":"instock","29":"shipping-taxable","30":"purchasable","31":"product-type-variable"},"jetpack_publicize_connections":[],"jetpack_likes_enabled":true,"jetpack_sharing_enabled":false,"jetpack-related-posts":[{"id":4477,"url":"https:\/\/muspot.art\/en\/product\/wianku-wianeczku-zuzanna-koziej\/","url_meta":{"origin":4584,"position":0},"title":"Wianku, wianeczku &#8211; Zuzanna Koziej","author":"MUSPOT","date":"21 October 2025","format":false,"excerpt":"Wianku, wianeczku to utw\u00f3r Zuzanny Koziej napisany do tekstu ludowego. Przeznaczony na 4-g\u0142osowy ch\u00f3r mieszany z divisi. Czas trwania: 3'-4'","rel":"","context":"Similar post","block_context":{"text":"Similar post","link":""},"img":{"alt_text":"","src":"https:\/\/i0.wp.com\/muspot.art\/wp-content\/uploads\/2025\/10\/Wianku-wianeczku-01.webp?fit=849%2C1200&ssl=1&resize=350%2C200","width":350,"height":200,"srcset":"https:\/\/i0.wp.com\/muspot.art\/wp-content\/uploads\/2025\/10\/Wianku-wianeczku-01.webp?fit=849%2C1200&ssl=1&resize=350%2C200 1x, https:\/\/i0.wp.com\/muspot.art\/wp-content\/uploads\/2025\/10\/Wianku-wianeczku-01.webp?fit=849%2C1200&ssl=1&resize=525%2C300 1.5x, https:\/\/i0.wp.com\/muspot.art\/wp-content\/uploads\/2025\/10\/Wianku-wianeczku-01.webp?fit=849%2C1200&ssl=1&resize=700%2C400 2x"},"classes":[]},{"id":2648,"url":"https:\/\/muspot.art\/en\/product\/pozic-mamo-raz-zuzanna-koziej\/","url_meta":{"origin":4584,"position":1},"title":"Pozic mamo raz &#8211; Zuzanna Koziej","author":"MUSPOT","date":"26 April 2025","format":false,"excerpt":"Pozic mamo raz to polska pie\u015b\u0144 ludowa, pochodz\u0105ca z regionu Kurpi\u00f3w, w opracowaniu Zuzanny Koziej. Przeznaczona na 4-g\u0142osowy ch\u00f3r \u017ce\u0144ski, m\u0119ski lub mieszany, bez divisi. Utw\u00f3r utrzymany w spokojnym charakterze, tempie umiarkowanym.","rel":"","context":"Similar post","block_context":{"text":"Similar post","link":""},"img":{"alt_text":"","src":"https:\/\/i0.wp.com\/muspot.art\/wp-content\/uploads\/2025\/04\/MUS_Pozic-SSAA-WM_page-0001.jpg?fit=849%2C1200&ssl=1&resize=350%2C200","width":350,"height":200,"srcset":"https:\/\/i0.wp.com\/muspot.art\/wp-content\/uploads\/2025\/04\/MUS_Pozic-SSAA-WM_page-0001.jpg?fit=849%2C1200&ssl=1&resize=350%2C200 1x, https:\/\/i0.wp.com\/muspot.art\/wp-content\/uploads\/2025\/04\/MUS_Pozic-SSAA-WM_page-0001.jpg?fit=849%2C1200&ssl=1&resize=525%2C300 1.5x, https:\/\/i0.wp.com\/muspot.art\/wp-content\/uploads\/2025\/04\/MUS_Pozic-SSAA-WM_page-0001.jpg?fit=849%2C1200&ssl=1&resize=700%2C400 2x"},"classes":[]},{"id":3826,"url":"https:\/\/muspot.art\/en\/product\/dookola-slonca-zuzanna-koziej\/","url_meta":{"origin":4584,"position":2},"title":"Dooko\u0142a S\u0142o\u0144ca &#8211; Zuzanna Koziej","author":"MUSPOT","date":"13 August 2025","format":false,"excerpt":"\"Dooko\u0142a S\u0142o\u0144ca\" to utw\u00f3r Zuzanny Koziej, przeznaczony na czterog\u0142osowy ch\u00f3r \u017ce\u0144ski lub dzieci\u0119cy a cappella. Napisany zosta\u0142 w 2023 roku z okazji 550. rocznicy urodzin Miko\u0142aja Kopernika. Czas trwania: 2' 20' \u00a0","rel":"","context":"Similar post","block_context":{"text":"Similar post","link":""},"img":{"alt_text":"","src":"https:\/\/i0.wp.com\/muspot.art\/wp-content\/uploads\/2025\/08\/Dookola-Slonca-Zuzanna-Koziej-WM_page-0001.jpg?fit=849%2C1200&ssl=1&resize=350%2C200","width":350,"height":200,"srcset":"https:\/\/i0.wp.com\/muspot.art\/wp-content\/uploads\/2025\/08\/Dookola-Slonca-Zuzanna-Koziej-WM_page-0001.jpg?fit=849%2C1200&ssl=1&resize=350%2C200 1x, https:\/\/i0.wp.com\/muspot.art\/wp-content\/uploads\/2025\/08\/Dookola-Slonca-Zuzanna-Koziej-WM_page-0001.jpg?fit=849%2C1200&ssl=1&resize=525%2C300 1.5x, https:\/\/i0.wp.com\/muspot.art\/wp-content\/uploads\/2025\/08\/Dookola-Slonca-Zuzanna-Koziej-WM_page-0001.jpg?fit=849%2C1200&ssl=1&resize=700%2C400 2x"},"classes":[]},{"id":3317,"url":"https:\/\/muspot.art\/en\/product\/winter-lights-zuzanna-koziej\/","url_meta":{"origin":4584,"position":3},"title":"Winter Lights &#8211; Zuzanna Koziej","author":"MUSPOT","date":"23 May 2025","format":false,"excerpt":"CZAS TRWANIA: 3'30'' - 4' Utw\u00f3r na ch\u00f3r \u017ce\u0144ski o tematyce zimowej w j\u0119zyku angielskim. Winter Lights - zimowe \u015bwiat\u0142a. Stopie\u0144 trudno\u015bci: \u015bredniozaawansowany. Dla ch\u00f3r\u00f3w amatorskich, podzia\u0142 na 5 g\u0142os\u00f3w.","rel":"","context":"Similar post","block_context":{"text":"Similar post","link":""},"img":{"alt_text":"","src":"https:\/\/i0.wp.com\/muspot.art\/wp-content\/uploads\/2025\/05\/Winter-Lights-Zuzanna-Koziej-WM_page-0001.jpg?fit=849%2C1200&ssl=1&resize=350%2C200","width":350,"height":200,"srcset":"https:\/\/i0.wp.com\/muspot.art\/wp-content\/uploads\/2025\/05\/Winter-Lights-Zuzanna-Koziej-WM_page-0001.jpg?fit=849%2C1200&ssl=1&resize=350%2C200 1x, https:\/\/i0.wp.com\/muspot.art\/wp-content\/uploads\/2025\/05\/Winter-Lights-Zuzanna-Koziej-WM_page-0001.jpg?fit=849%2C1200&ssl=1&resize=525%2C300 1.5x, https:\/\/i0.wp.com\/muspot.art\/wp-content\/uploads\/2025\/05\/Winter-Lights-Zuzanna-Koziej-WM_page-0001.jpg?fit=849%2C1200&ssl=1&resize=700%2C400 2x"},"classes":[]},{"id":3966,"url":"https:\/\/muspot.art\/en\/product\/salmo-8-zuzanna-koziej\/","url_meta":{"origin":4584,"position":4},"title":"Salmo 8 &#8211; Zuzanna Koziej","author":"MUSPOT","date":"5 September 2025","format":false,"excerpt":"\u00a0 \u00a0","rel":"","context":"Similar post","block_context":{"text":"Similar post","link":""},"img":{"alt_text":"","src":"https:\/\/i0.wp.com\/muspot.art\/wp-content\/uploads\/2025\/09\/Salmo-8-Zuzanna-Koziej-WM_page-0001.jpg?fit=849%2C1200&ssl=1&resize=350%2C200","width":350,"height":200,"srcset":"https:\/\/i0.wp.com\/muspot.art\/wp-content\/uploads\/2025\/09\/Salmo-8-Zuzanna-Koziej-WM_page-0001.jpg?fit=849%2C1200&ssl=1&resize=350%2C200 1x, https:\/\/i0.wp.com\/muspot.art\/wp-content\/uploads\/2025\/09\/Salmo-8-Zuzanna-Koziej-WM_page-0001.jpg?fit=849%2C1200&ssl=1&resize=525%2C300 1.5x, https:\/\/i0.wp.com\/muspot.art\/wp-content\/uploads\/2025\/09\/Salmo-8-Zuzanna-Koziej-WM_page-0001.jpg?fit=849%2C1200&ssl=1&resize=700%2C400 2x"},"classes":[]},{"id":2836,"url":"https:\/\/muspot.art\/en\/product\/matulu-moja-zuzanna-koziej\/","url_meta":{"origin":4584,"position":5},"title":"Matulu moja &#8211; Zuzanna Koziej","author":"MUSPOT","date":"3 May 2025","format":false,"excerpt":"\"Matulu moja\" to polska pie\u015b\u0144 ludowa, pochodz\u0105ca z regionu Kurpi\u00f3w, w opracowaniu Zuzanny Koziej. Przeznaczona na 4-g\u0142osowy ch\u00f3r \u017ce\u0144ski, m\u0119ski lub mieszany. Utw\u00f3r jest \u017cywio\u0142owy, rytmiczny, o nak\u0142adaj\u0105cych si\u0119 rytmach dwu- i tr\u00f3jdzielnych. Czas trwania: 2' Mo\u017ce zosta\u0107 wykonany w cyklu z innymi opracowaniami: \u2022 Pozic mamo raz (Kurpie), Ko\u0142ysz\u017ce\u2026","rel":"","context":"Similar post","block_context":{"text":"Similar post","link":""},"img":{"alt_text":"","src":"https:\/\/i0.wp.com\/muspot.art\/wp-content\/uploads\/2025\/05\/Matulu-moja-Zuzanna-Koziej-SSAA-WM_page-0001.jpg?fit=849%2C1200&ssl=1&resize=350%2C200","width":350,"height":200,"srcset":"https:\/\/i0.wp.com\/muspot.art\/wp-content\/uploads\/2025\/05\/Matulu-moja-Zuzanna-Koziej-SSAA-WM_page-0001.jpg?fit=849%2C1200&ssl=1&resize=350%2C200 1x, https:\/\/i0.wp.com\/muspot.art\/wp-content\/uploads\/2025\/05\/Matulu-moja-Zuzanna-Koziej-SSAA-WM_page-0001.jpg?fit=849%2C1200&ssl=1&resize=525%2C300 1.5x, https:\/\/i0.wp.com\/muspot.art\/wp-content\/uploads\/2025\/05\/Matulu-moja-Zuzanna-Koziej-SSAA-WM_page-0001.jpg?fit=849%2C1200&ssl=1&resize=700%2C400 2x"},"classes":[]}],"_links":{"self":[{"href":"https:\/\/muspot.art\/en\/wp-json\/wp\/v2\/product\/4584","targetHints":{"allow":["GET"]}}],"collection":[{"href":"https:\/\/muspot.art\/en\/wp-json\/wp\/v2\/product"}],"about":[{"href":"https:\/\/muspot.art\/en\/wp-json\/wp\/v2\/types\/product"}],"wp:featuredmedia":[{"embeddable":true,"href":"https:\/\/muspot.art\/en\/wp-json\/wp\/v2\/media\/4597"}],"wp:attachment":[{"href":"https:\/\/muspot.art\/en\/wp-json\/wp\/v2\/media?parent=4584"}],"wp:term":[{"taxonomy":"product_brand","embeddable":true,"href":"https:\/\/muspot.art\/en\/wp-json\/wp\/v2\/product_brand?post=4584"},{"taxonomy":"product_cat","embeddable":true,"href":"https:\/\/muspot.art\/en\/wp-json\/wp\/v2\/product_cat?post=4584"},{"taxonomy":"product_tag","embeddable":true,"href":"https:\/\/muspot.art\/en\/wp-json\/wp\/v2\/product_tag?post=4584"}],"curies":[{"name":"wp","href":"https:\/\/api.w.org\/{rel}","templated":true}]}}