{"id":4557,"date":"2025-11-22T16:03:14","date_gmt":"2025-11-22T15:03:14","guid":{"rendered":"https:\/\/muspot.art\/?post_type=product&#038;p=4557"},"modified":"2025-11-28T20:28:55","modified_gmt":"2025-11-28T19:28:55","slug":"da-mihi-animas-sebastian-szymanski","status":"publish","type":"product","link":"https:\/\/muspot.art\/en\/product\/da-mihi-animas-sebastian-szymanski\/","title":{"rendered":"Da mihi animas &#8211; Sebastian Szyma\u0144ski"},"content":{"rendered":"<p>&#8222;Da mihi animas&#8221; to utw\u00f3r sakralny Sebastiana Szyma\u0144skiego, przeznaczony na ch\u00f3r mieszany a cappella. Napisany w 2018 roku.<\/p>\n<p>Czas trwania: 4&#8242;<\/p>","protected":false},"excerpt":{"rendered":"<p>&#8222;Da mihi animas&#8221; to utw\u00f3r sakralny Sebastiana Szyma\u0144skiego, przeznaczony na ch\u00f3r mieszany a cappella. Napisany w 2018 roku. Czas trwania: 4&#8242;<\/p>","protected":false},"featured_media":4563,"template":"","meta":{"_eb_attr":"","_crdt_document":"","advanced_seo_description":"","jetpack_seo_html_title":"","jetpack_seo_noindex":false,"_EventAllDay":false,"_EventTimezone":"","_EventStartDate":"","_EventEndDate":"","_EventStartDateUTC":"","_EventEndDateUTC":"","_EventShowMap":false,"_EventShowMapLink":false,"_EventURL":"","_EventCost":"","_EventCostDescription":"","_EventCurrencySymbol":"","_EventCurrencyCode":"","_EventCurrencyPosition":"","_EventDateTimeSeparator":"","_EventTimeRangeSeparator":"","_EventOrganizerID":[],"_EventVenueID":[],"_OrganizerEmail":"","_OrganizerPhone":"","_OrganizerWebsite":"","_VenueAddress":"","_VenueCity":"","_VenueCountry":"","_VenueProvince":"","_VenueState":"","_VenueZip":"","_VenuePhone":"","_VenueURL":"","_VenueStateProvince":"","_VenueLat":"","_VenueLng":"","_VenueShowMap":false,"_VenueShowMapLink":false,"_themeisle_gutenberg_block_has_review":false,"jetpack_publicize_message":"","jetpack_publicize_feature_enabled":true,"jetpack_social_post_already_shared":true,"jetpack_social_options":{"image_generator_settings":{"template":"highway","default_image_id":0,"font":"","enabled":false},"version":2},"_wpas_customize_per_network":false},"product_brand":[],"product_cat":[14804,15065],"product_tag":[15195,14946,14947],"class_list":{"0":"post-4557","1":"product","2":"type-product","3":"status-publish","4":"has-post-thumbnail","6":"product_cat-chor-mieszany","7":"product_cat-sebastian-szymanski","8":"product_tag-dusza","9":"product_tag-sacred","10":"product_tag-latin","11":"pa_czastrwania-3-5","12":"pa_glosy-ssatb","13":"pa_jezyk-latin","14":"pa_kompozytor-sebastian-szymanski","15":"pa_lyrics-tradycyjny","16":"pa_obsada-acappella","17":"pa_poziom-sredniozaawansowany","18":"pa_rok-14870","19":"pa_sklad-chormieszany","20":"pa_strony-14928","21":"pa_styl-sakralne","23":"first","24":"instock","25":"downloadable","26":"virtual","27":"purchasable","28":"product-type-simple"},"jetpack_publicize_connections":[],"jetpack_likes_enabled":false,"jetpack_sharing_enabled":false,"jetpack-related-posts":[{"id":98,"url":"https:\/\/muspot.art\/en\/product\/ostende-mihi-zuzanna-koziej\/","url_meta":{"origin":4557,"position":0},"title":"Ostende mihi &#8211; Zuzanna Koziej","author":"MUSPOT","date":"5 November 2023","format":false,"excerpt":"\u00a0 \u00a0","rel":"","context":"Similar post","block_context":{"text":"Similar post","link":""},"img":{"alt_text":"","src":"https:\/\/i0.wp.com\/muspot.art\/wp-content\/uploads\/2023\/11\/MUS_ZK_Ostende_proof-WM_page-0001.jpg?fit=849%2C1200&ssl=1&resize=350%2C200","width":350,"height":200,"srcset":"https:\/\/i0.wp.com\/muspot.art\/wp-content\/uploads\/2023\/11\/MUS_ZK_Ostende_proof-WM_page-0001.jpg?fit=849%2C1200&ssl=1&resize=350%2C200 1x, https:\/\/i0.wp.com\/muspot.art\/wp-content\/uploads\/2023\/11\/MUS_ZK_Ostende_proof-WM_page-0001.jpg?fit=849%2C1200&ssl=1&resize=525%2C300 1.5x, https:\/\/i0.wp.com\/muspot.art\/wp-content\/uploads\/2023\/11\/MUS_ZK_Ostende_proof-WM_page-0001.jpg?fit=849%2C1200&ssl=1&resize=700%2C400 2x"},"classes":[]}],"_links":{"self":[{"href":"https:\/\/muspot.art\/en\/wp-json\/wp\/v2\/product\/4557","targetHints":{"allow":["GET"]}}],"collection":[{"href":"https:\/\/muspot.art\/en\/wp-json\/wp\/v2\/product"}],"about":[{"href":"https:\/\/muspot.art\/en\/wp-json\/wp\/v2\/types\/product"}],"wp:featuredmedia":[{"embeddable":true,"href":"https:\/\/muspot.art\/en\/wp-json\/wp\/v2\/media\/4563"}],"wp:attachment":[{"href":"https:\/\/muspot.art\/en\/wp-json\/wp\/v2\/media?parent=4557"}],"wp:term":[{"taxonomy":"product_brand","embeddable":true,"href":"https:\/\/muspot.art\/en\/wp-json\/wp\/v2\/product_brand?post=4557"},{"taxonomy":"product_cat","embeddable":true,"href":"https:\/\/muspot.art\/en\/wp-json\/wp\/v2\/product_cat?post=4557"},{"taxonomy":"product_tag","embeddable":true,"href":"https:\/\/muspot.art\/en\/wp-json\/wp\/v2\/product_tag?post=4557"}],"curies":[{"name":"wp","href":"https:\/\/api.w.org\/{rel}","templated":true}]}}