{"id":3966,"date":"2025-09-05T13:53:00","date_gmt":"2025-09-05T11:53:00","guid":{"rendered":"https:\/\/muspot.art\/?post_type=product&#038;p=3966"},"modified":"2025-09-05T14:18:08","modified_gmt":"2025-09-05T12:18:08","slug":"salmo-8-zuzanna-koziej","status":"publish","type":"product","link":"https:\/\/muspot.art\/en\/product\/salmo-8-zuzanna-koziej\/","title":{"rendered":"Salmo 8 &#8211; Zuzanna Koziej"},"content":{"rendered":"<p>&#8222;Salmo 8&#8221; to utw\u00f3r Zuzanny Koziej w j\u0119zyku w\u0142oskim do tekstu z psalmu 8, przeznaczony na 4-g\u0142osowy ch\u00f3r mieszany bez divisi o \u0142atwym poziomie trudno\u015bci.<\/p>\n<p>Czas trwania: 2&#8242;<\/p>","protected":false},"excerpt":{"rendered":"<p>&nbsp;<\/p>\n<p>&nbsp;<\/p>","protected":false},"featured_media":3970,"template":"","meta":{"_eb_attr":"","_crdt_document":"","advanced_seo_description":"","jetpack_seo_html_title":"","jetpack_seo_noindex":false,"_EventAllDay":false,"_EventTimezone":"","_EventStartDate":"","_EventEndDate":"","_EventStartDateUTC":"","_EventEndDateUTC":"","_EventShowMap":false,"_EventShowMapLink":false,"_EventURL":"","_EventCost":"","_EventCostDescription":"","_EventCurrencySymbol":"","_EventCurrencyCode":"","_EventCurrencyPosition":"","_EventDateTimeSeparator":"","_EventTimeRangeSeparator":"","_EventOrganizerID":[],"_EventVenueID":[],"_OrganizerEmail":"","_OrganizerPhone":"","_OrganizerWebsite":"","_VenueAddress":"","_VenueCity":"","_VenueCountry":"","_VenueProvince":"","_VenueState":"","_VenueZip":"","_VenuePhone":"","_VenueURL":"","_VenueStateProvince":"","_VenueLat":"","_VenueLng":"","_VenueShowMap":false,"_VenueShowMapLink":false,"_themeisle_gutenberg_block_has_review":false,"jetpack_publicize_message":"","jetpack_publicize_feature_enabled":true,"jetpack_social_post_already_shared":true,"jetpack_social_options":{"image_generator_settings":{"template":"highway","default_image_id":0,"font":"","enabled":false},"version":2},"_wpas_customize_per_network":false},"product_brand":[],"product_cat":[14804,14825],"product_tag":[15152,15042,15081,15041,15092,15070,15080,14946,15071],"class_list":{"0":"post-3966","1":"product","2":"type-product","3":"status-publish","4":"has-post-thumbnail","6":"product_cat-chor-mieszany","7":"product_cat-zuzanna-koziej","8":"product_tag-biblia","9":"product_tag-gwiazdy","10":"product_tag-hymn","11":"product_tag-ksiezyc","12":"product_tag-niebo","13":"product_tag-piekno","14":"product_tag-psalm","15":"product_tag-sacred","16":"product_tag-zachwyt","17":"pa_czastrwania-1-3","18":"pa_glosy-bezdivisi","19":"pa_glosy-satb","20":"pa_jezyk-it","21":"pa_kompozytor-zuzanna-koziej","22":"pa_obsada-acappella","23":"pa_poziom-podstawowy","24":"pa_rok-14871","25":"pa_sklad-chormieszany","26":"pa_strony-14928","27":"pa_styl-sakralne","29":"first","30":"instock","31":"downloadable","32":"virtual","33":"purchasable","34":"product-type-simple"},"jetpack_publicize_connections":[],"jetpack_likes_enabled":true,"jetpack_sharing_enabled":false,"jetpack-related-posts":[{"id":127,"url":"https:\/\/muspot.art\/en\/product\/laus-trinitati-zuzanna-koziej\/","url_meta":{"origin":3966,"position":0},"title":"Laus Trinitati &#8211; Zuzanna Koziej","author":"MUSPOT","date":"5 November 2023","format":false,"excerpt":"","rel":"","context":"Similar post","block_context":{"text":"Similar post","link":""},"img":{"alt_text":"","src":"https:\/\/i0.wp.com\/muspot.art\/wp-content\/uploads\/2023\/11\/MUS_Laus-Trinitati_proof-WM_page-0001.jpg?fit=849%2C1200&ssl=1&resize=350%2C200","width":350,"height":200,"srcset":"https:\/\/i0.wp.com\/muspot.art\/wp-content\/uploads\/2023\/11\/MUS_Laus-Trinitati_proof-WM_page-0001.jpg?fit=849%2C1200&ssl=1&resize=350%2C200 1x, https:\/\/i0.wp.com\/muspot.art\/wp-content\/uploads\/2023\/11\/MUS_Laus-Trinitati_proof-WM_page-0001.jpg?fit=849%2C1200&ssl=1&resize=525%2C300 1.5x, https:\/\/i0.wp.com\/muspot.art\/wp-content\/uploads\/2023\/11\/MUS_Laus-Trinitati_proof-WM_page-0001.jpg?fit=849%2C1200&ssl=1&resize=700%2C400 2x"},"classes":[]},{"id":3959,"url":"https:\/\/muspot.art\/en\/product\/sady-moje-zuzanna-koziej\/","url_meta":{"origin":3966,"position":1},"title":"Sady moje, sady &#8211; Zuzanna Koziej","author":"MUSPOT","date":"5 September 2025","format":false,"excerpt":"Sady moje, sady to polska pie\u015b\u0144 ludowa, pochodz\u0105ca z Kres\u00f3w - Wile\u0144szczyzny, w opracowaniu Zuzanny Koziej. Przeznaczona na 4-g\u0142osowy ch\u00f3r mieszany Czas trwania: 3'","rel":"","context":"Similar post","block_context":{"text":"Similar post","link":""},"img":{"alt_text":"","src":"https:\/\/i0.wp.com\/muspot.art\/wp-content\/uploads\/2025\/09\/Sady-moje-sady-Zuzanna-Koziej-WM_page-0001.jpg?fit=849%2C1200&ssl=1&resize=350%2C200","width":350,"height":200,"srcset":"https:\/\/i0.wp.com\/muspot.art\/wp-content\/uploads\/2025\/09\/Sady-moje-sady-Zuzanna-Koziej-WM_page-0001.jpg?fit=849%2C1200&ssl=1&resize=350%2C200 1x, https:\/\/i0.wp.com\/muspot.art\/wp-content\/uploads\/2025\/09\/Sady-moje-sady-Zuzanna-Koziej-WM_page-0001.jpg?fit=849%2C1200&ssl=1&resize=525%2C300 1.5x, https:\/\/i0.wp.com\/muspot.art\/wp-content\/uploads\/2025\/09\/Sady-moje-sady-Zuzanna-Koziej-WM_page-0001.jpg?fit=849%2C1200&ssl=1&resize=700%2C400 2x"},"classes":[]},{"id":98,"url":"https:\/\/muspot.art\/en\/product\/ostende-mihi-zuzanna-koziej\/","url_meta":{"origin":3966,"position":2},"title":"Ostende mihi &#8211; Zuzanna Koziej","author":"MUSPOT","date":"5 November 2023","format":false,"excerpt":"\u00a0 \u00a0","rel":"","context":"Similar post","block_context":{"text":"Similar post","link":""},"img":{"alt_text":"","src":"https:\/\/i0.wp.com\/muspot.art\/wp-content\/uploads\/2023\/11\/MUS_ZK_Ostende_proof-WM_page-0001.jpg?fit=849%2C1200&ssl=1&resize=350%2C200","width":350,"height":200,"srcset":"https:\/\/i0.wp.com\/muspot.art\/wp-content\/uploads\/2023\/11\/MUS_ZK_Ostende_proof-WM_page-0001.jpg?fit=849%2C1200&ssl=1&resize=350%2C200 1x, https:\/\/i0.wp.com\/muspot.art\/wp-content\/uploads\/2023\/11\/MUS_ZK_Ostende_proof-WM_page-0001.jpg?fit=849%2C1200&ssl=1&resize=525%2C300 1.5x, https:\/\/i0.wp.com\/muspot.art\/wp-content\/uploads\/2023\/11\/MUS_ZK_Ostende_proof-WM_page-0001.jpg?fit=849%2C1200&ssl=1&resize=700%2C400 2x"},"classes":[]},{"id":4461,"url":"https:\/\/muspot.art\/en\/product\/ruta-zuzanna-koziej\/","url_meta":{"origin":3966,"position":3},"title":"Ruta &#8211; Zuzanna Koziej","author":"MUSPOT","date":"21 October 2025","format":false,"excerpt":"Ruta to polska pie\u015b\u0144 ludowa w opracowaniu Zuzanny Koziej. Przeznaczona na 4-g\u0142osowy ch\u00f3r \u017ce\u0144ski z solowym g\u0142osem bia\u0142ym. Czas trwania: 3'-4'","rel":"","context":"Similar post","block_context":{"text":"Similar post","link":""},"img":{"alt_text":"","src":"https:\/\/i0.wp.com\/muspot.art\/wp-content\/uploads\/2025\/10\/Ruta-01.webp?fit=849%2C1200&ssl=1&resize=350%2C200","width":350,"height":200,"srcset":"https:\/\/i0.wp.com\/muspot.art\/wp-content\/uploads\/2025\/10\/Ruta-01.webp?fit=849%2C1200&ssl=1&resize=350%2C200 1x, https:\/\/i0.wp.com\/muspot.art\/wp-content\/uploads\/2025\/10\/Ruta-01.webp?fit=849%2C1200&ssl=1&resize=525%2C300 1.5x, https:\/\/i0.wp.com\/muspot.art\/wp-content\/uploads\/2025\/10\/Ruta-01.webp?fit=849%2C1200&ssl=1&resize=700%2C400 2x"},"classes":[]},{"id":4446,"url":"https:\/\/muspot.art\/en\/product\/oj-lulaj-lulaj-zuzanna-koziej\/","url_meta":{"origin":3966,"position":4},"title":"Oj lulaj, lulaj &#8211; Zuzanna Koziej","author":"MUSPOT","date":"21 October 2025","format":false,"excerpt":"Oj lulaj, lulaj to polska pie\u015b\u0144 ludowa, pochodz\u0105ca z Zamojszczyzny, w opracowaniu Zuzanny Koziej. Przeznaczona na 4-g\u0142osowy ch\u00f3r \u017ce\u0144ski z solowym g\u0142osem bia\u0142ym. Czas trwania: 3'","rel":"","context":"Similar post","block_context":{"text":"Similar post","link":""},"img":{"alt_text":"","src":"https:\/\/i0.wp.com\/muspot.art\/wp-content\/uploads\/2025\/10\/Oj-lulaj-01.webp?fit=849%2C1200&ssl=1&resize=350%2C200","width":350,"height":200,"srcset":"https:\/\/i0.wp.com\/muspot.art\/wp-content\/uploads\/2025\/10\/Oj-lulaj-01.webp?fit=849%2C1200&ssl=1&resize=350%2C200 1x, https:\/\/i0.wp.com\/muspot.art\/wp-content\/uploads\/2025\/10\/Oj-lulaj-01.webp?fit=849%2C1200&ssl=1&resize=525%2C300 1.5x, https:\/\/i0.wp.com\/muspot.art\/wp-content\/uploads\/2025\/10\/Oj-lulaj-01.webp?fit=849%2C1200&ssl=1&resize=700%2C400 2x"},"classes":[]},{"id":4457,"url":"https:\/\/muspot.art\/en\/product\/piejo-kury-piejo-zuzanna-koziej\/","url_meta":{"origin":3966,"position":5},"title":"Piejo kury, piejo &#8211; Zuzanna Koziej","author":"MUSPOT","date":"21 October 2025","format":false,"excerpt":"Piejo kury, piejo to polska pie\u015b\u0144 ludowa, pochodz\u0105ca z Zamojszczyzny, w opracowaniu Zuzanny Koziej. Przeznaczona na 4-g\u0142osowy ch\u00f3r \u017ce\u0144ski z solowym g\u0142osem bia\u0142ym. Czas trwania: 2'","rel":"","context":"Similar post","block_context":{"text":"Similar post","link":""},"img":{"alt_text":"","src":"https:\/\/i0.wp.com\/muspot.art\/wp-content\/uploads\/2025\/10\/Piejo-kury1.webp?fit=849%2C1200&ssl=1&resize=350%2C200","width":350,"height":200,"srcset":"https:\/\/i0.wp.com\/muspot.art\/wp-content\/uploads\/2025\/10\/Piejo-kury1.webp?fit=849%2C1200&ssl=1&resize=350%2C200 1x, https:\/\/i0.wp.com\/muspot.art\/wp-content\/uploads\/2025\/10\/Piejo-kury1.webp?fit=849%2C1200&ssl=1&resize=525%2C300 1.5x, https:\/\/i0.wp.com\/muspot.art\/wp-content\/uploads\/2025\/10\/Piejo-kury1.webp?fit=849%2C1200&ssl=1&resize=700%2C400 2x"},"classes":[]}],"_links":{"self":[{"href":"https:\/\/muspot.art\/en\/wp-json\/wp\/v2\/product\/3966","targetHints":{"allow":["GET"]}}],"collection":[{"href":"https:\/\/muspot.art\/en\/wp-json\/wp\/v2\/product"}],"about":[{"href":"https:\/\/muspot.art\/en\/wp-json\/wp\/v2\/types\/product"}],"wp:featuredmedia":[{"embeddable":true,"href":"https:\/\/muspot.art\/en\/wp-json\/wp\/v2\/media\/3970"}],"wp:attachment":[{"href":"https:\/\/muspot.art\/en\/wp-json\/wp\/v2\/media?parent=3966"}],"wp:term":[{"taxonomy":"product_brand","embeddable":true,"href":"https:\/\/muspot.art\/en\/wp-json\/wp\/v2\/product_brand?post=3966"},{"taxonomy":"product_cat","embeddable":true,"href":"https:\/\/muspot.art\/en\/wp-json\/wp\/v2\/product_cat?post=3966"},{"taxonomy":"product_tag","embeddable":true,"href":"https:\/\/muspot.art\/en\/wp-json\/wp\/v2\/product_tag?post=3966"}],"curies":[{"name":"wp","href":"https:\/\/api.w.org\/{rel}","templated":true}]}}