{"id":3834,"date":"2025-08-13T23:23:57","date_gmt":"2025-08-13T21:23:57","guid":{"rendered":"https:\/\/muspot.art\/?post_type=product&#038;p=3834"},"modified":"2025-08-13T23:35:24","modified_gmt":"2025-08-13T21:35:24","slug":"oczekiwanie-sebastian-szymanski","status":"publish","type":"product","link":"https:\/\/muspot.art\/en\/product\/oczekiwanie-sebastian-szymanski\/","title":{"rendered":"Oczekiwanie &#8211; Sebastian Szyma\u0144ski"},"content":{"rendered":"<p>&#8222;Oczekiwanie&#8221; to utw\u00f3r Sebastiana Szyma\u0144skiego do tekstu Marii Szyma\u0144skiej, przeznaczony na ch\u00f3r mieszany a cappella. Napisany w 2021 roku.<\/p>\n<p>Czas trwania: 6&#8217;20&#8221;<\/p>\n<p><span class=\"embed-youtube\" style=\"text-align:center; display: block;\"><iframe loading=\"lazy\" class=\"youtube-player\" width=\"980\" height=\"552\" src=\"https:\/\/www.youtube.com\/embed\/qsIoHxs0W3Q?version=3&#038;rel=1&#038;showsearch=0&#038;showinfo=1&#038;iv_load_policy=1&#038;fs=1&#038;hl=en-GB&#038;autohide=2&#038;wmode=transparent\" allowfullscreen=\"true\" style=\"border:0;\" sandbox=\"allow-scripts allow-same-origin allow-popups allow-presentation allow-popups-to-escape-sandbox\"><\/iframe><\/span><\/p>","protected":false},"excerpt":{"rendered":"<p>&#8222;Oczekiwanie&#8221; to utw\u00f3r Sebastiana Szyma\u0144skiego do tekstu Marii Szyma\u0144skiej, przeznaczony na ch\u00f3r mieszany a cappella. Napisany w 2021 roku. Czas trwania: 6&#8217;20&#8221;<\/p>","protected":false},"featured_media":3838,"template":"","meta":{"_eb_attr":"","_crdt_document":"","advanced_seo_description":"","jetpack_seo_html_title":"","jetpack_seo_noindex":false,"_EventAllDay":false,"_EventTimezone":"","_EventStartDate":"","_EventEndDate":"","_EventStartDateUTC":"","_EventEndDateUTC":"","_EventShowMap":false,"_EventShowMapLink":false,"_EventURL":"","_EventCost":"","_EventCostDescription":"","_EventCurrencySymbol":"","_EventCurrencyCode":"","_EventCurrencyPosition":"","_EventDateTimeSeparator":"","_EventTimeRangeSeparator":"","_EventOrganizerID":[],"_EventVenueID":[],"_OrganizerEmail":"","_OrganizerPhone":"","_OrganizerWebsite":"","_VenueAddress":"","_VenueCity":"","_VenueCountry":"","_VenueProvince":"","_VenueState":"","_VenueZip":"","_VenuePhone":"","_VenueURL":"","_VenueStateProvince":"","_VenueLat":"","_VenueLng":"","_VenueShowMap":false,"_VenueShowMapLink":false,"_themeisle_gutenberg_block_has_review":false,"jetpack_publicize_message":"","jetpack_publicize_feature_enabled":true,"jetpack_social_post_already_shared":true,"jetpack_social_options":{"image_generator_settings":{"template":"highway","default_image_id":0,"font":"","enabled":false},"version":2},"_wpas_customize_per_network":false},"product_brand":[],"product_cat":[14804,15065],"product_tag":[15107,15042,15106,15108,15044,14942,15045,15105,15083,15082],"class_list":{"0":"post-3834","1":"product","2":"type-product","3":"status-publish","4":"has-post-thumbnail","6":"product_cat-chor-mieszany","7":"product_cat-sebastian-szymanski","8":"product_tag-drzewa","9":"product_tag-gwiazdy","10":"product_tag-las","11":"product_tag-nadzieja","12":"product_tag-natura","13":"product_tag-poezja","14":"product_tag-przyroda","15":"product_tag-samotnosc","16":"product_tag-wspomnienia","17":"product_tag-zycie","18":"pa_czastrwania-5-10","19":"pa_glosy-ssaattbb","20":"pa_jezyk-pl","21":"pa_kompozytor-sebastian-szymanski","22":"pa_lyrics-maria-szymanska","23":"pa_obsada-acappella","24":"pa_poziom-sredniozaawansowany","25":"pa_rok-14873","26":"pa_sklad-chormieszany","27":"pa_strony-14929","28":"pa_styl-poezja","30":"first","31":"instock","32":"downloadable","33":"virtual","34":"purchasable","35":"product-type-simple"},"jetpack_publicize_connections":[],"jetpack_likes_enabled":false,"jetpack_sharing_enabled":false,"jetpack-related-posts":[],"_links":{"self":[{"href":"https:\/\/muspot.art\/en\/wp-json\/wp\/v2\/product\/3834","targetHints":{"allow":["GET"]}}],"collection":[{"href":"https:\/\/muspot.art\/en\/wp-json\/wp\/v2\/product"}],"about":[{"href":"https:\/\/muspot.art\/en\/wp-json\/wp\/v2\/types\/product"}],"wp:featuredmedia":[{"embeddable":true,"href":"https:\/\/muspot.art\/en\/wp-json\/wp\/v2\/media\/3838"}],"wp:attachment":[{"href":"https:\/\/muspot.art\/en\/wp-json\/wp\/v2\/media?parent=3834"}],"wp:term":[{"taxonomy":"product_brand","embeddable":true,"href":"https:\/\/muspot.art\/en\/wp-json\/wp\/v2\/product_brand?post=3834"},{"taxonomy":"product_cat","embeddable":true,"href":"https:\/\/muspot.art\/en\/wp-json\/wp\/v2\/product_cat?post=3834"},{"taxonomy":"product_tag","embeddable":true,"href":"https:\/\/muspot.art\/en\/wp-json\/wp\/v2\/product_tag?post=3834"}],"curies":[{"name":"wp","href":"https:\/\/api.w.org\/{rel}","templated":true}]}}