{"id":3791,"date":"2025-08-08T11:18:35","date_gmt":"2025-08-08T09:18:35","guid":{"rendered":"https:\/\/muspot.art\/?post_type=product&#038;p=3791"},"modified":"2025-08-11T12:42:21","modified_gmt":"2025-08-11T10:42:21","slug":"bez-lase-gory-mariusz-kramarz","status":"publish","type":"product","link":"https:\/\/muspot.art\/en\/product\/bez-lase-gory-mariusz-kramarz\/","title":{"rendered":"Bez lase, g\u00f3ry &#8211; Mariusz Kramarz"},"content":{"rendered":"<p>&#8222;Bez lase, g\u00f3ry&#8221; to pie\u015b\u0144 ludowa z regionu \u015al\u0105ska Opolskiego w opracowaniu Mariusza Kramarza przeznaczona na ch\u00f3r mieszany a cappella.<\/p>\n<p>Czas trwania: 2&#8242;<\/p>\n<p><span class=\"embed-youtube\" style=\"text-align:center; display: block;\"><iframe loading=\"lazy\" class=\"youtube-player\" width=\"980\" height=\"552\" src=\"https:\/\/www.youtube.com\/embed\/qW3iB_FI134?version=3&#038;rel=1&#038;showsearch=0&#038;showinfo=1&#038;iv_load_policy=1&#038;fs=1&#038;hl=en-GB&#038;autohide=2&#038;wmode=transparent\" allowfullscreen=\"true\" style=\"border:0;\" sandbox=\"allow-scripts allow-same-origin allow-popups allow-presentation allow-popups-to-escape-sandbox\"><\/iframe><\/span><\/p>","protected":false},"excerpt":{"rendered":"<p>&#8222;Bez lase, g\u00f3ry&#8221; to pie\u015b\u0144 ludowa z regionu \u015al\u0105ska Opolskiego w opracowaniu Mariusza Kramarza przeznaczona na ch\u00f3r mieszany a cappella. Czas trwania: 2&#8242;<\/p>","protected":false},"featured_media":3796,"template":"","meta":{"_eb_attr":"","_crdt_document":"","advanced_seo_description":"","jetpack_seo_html_title":"","jetpack_seo_noindex":false,"_EventAllDay":false,"_EventTimezone":"","_EventStartDate":"","_EventEndDate":"","_EventStartDateUTC":"","_EventEndDateUTC":"","_EventShowMap":false,"_EventShowMapLink":false,"_EventURL":"","_EventCost":"","_EventCostDescription":"","_EventCurrencySymbol":"","_EventCurrencyCode":"","_EventCurrencyPosition":"","_EventDateTimeSeparator":"","_EventTimeRangeSeparator":"","_EventOrganizerID":[],"_EventVenueID":[],"_OrganizerEmail":"","_OrganizerPhone":"","_OrganizerWebsite":"","_VenueAddress":"","_VenueCity":"","_VenueCountry":"","_VenueProvince":"","_VenueState":"","_VenueZip":"","_VenuePhone":"","_VenueURL":"","_VenueStateProvince":"","_VenueLat":"","_VenueLng":"","_VenueShowMap":false,"_VenueShowMapLink":false,"_themeisle_gutenberg_block_has_review":false,"jetpack_publicize_message":"","jetpack_publicize_feature_enabled":true,"jetpack_social_post_already_shared":true,"jetpack_social_options":{"image_generator_settings":{"template":"highway","default_image_id":0,"font":"","enabled":false},"version":2},"_wpas_customize_per_network":false},"product_brand":[],"product_cat":[14804],"product_tag":[15053,15054,15057,15062],"class_list":{"0":"post-3791","1":"product","2":"type-product","3":"status-publish","4":"has-post-thumbnail","6":"product_cat-chor-mieszany","7":"product_tag-folk","8":"product_tag-ludowy","9":"product_tag-milosc","10":"product_tag-slask","11":"pa_czastrwania-1-3","12":"pa_jezyk-pl","13":"pa_kompozytor-mariusz-kramarz","14":"pa_lyrics-tradycyjny","15":"pa_obsada-acappella","16":"pa_poziom-podstawowy","17":"pa_rok-14991","18":"pa_sklad-chormieszany","19":"pa_strony-14927","20":"pa_styl-muzyka-ludowa","22":"first","23":"instock","24":"downloadable","25":"virtual","26":"purchasable","27":"product-type-simple"},"jetpack_publicize_connections":[],"jetpack_likes_enabled":false,"jetpack_sharing_enabled":false,"jetpack-related-posts":[{"id":3966,"url":"https:\/\/muspot.art\/en\/product\/salmo-8-zuzanna-koziej\/","url_meta":{"origin":3791,"position":0},"title":"Salmo 8 &#8211; Zuzanna Koziej","author":"MUSPOT","date":"5 September 2025","format":false,"excerpt":"\u00a0 \u00a0","rel":"","context":"Similar post","block_context":{"text":"Similar post","link":""},"img":{"alt_text":"","src":"https:\/\/i0.wp.com\/muspot.art\/wp-content\/uploads\/2025\/09\/Salmo-8-Zuzanna-Koziej-WM_page-0001.jpg?fit=849%2C1200&ssl=1&resize=350%2C200","width":350,"height":200,"srcset":"https:\/\/i0.wp.com\/muspot.art\/wp-content\/uploads\/2025\/09\/Salmo-8-Zuzanna-Koziej-WM_page-0001.jpg?fit=849%2C1200&ssl=1&resize=350%2C200 1x, https:\/\/i0.wp.com\/muspot.art\/wp-content\/uploads\/2025\/09\/Salmo-8-Zuzanna-Koziej-WM_page-0001.jpg?fit=849%2C1200&ssl=1&resize=525%2C300 1.5x, https:\/\/i0.wp.com\/muspot.art\/wp-content\/uploads\/2025\/09\/Salmo-8-Zuzanna-Koziej-WM_page-0001.jpg?fit=849%2C1200&ssl=1&resize=700%2C400 2x"},"classes":[]},{"id":2648,"url":"https:\/\/muspot.art\/en\/product\/pozic-mamo-raz-zuzanna-koziej\/","url_meta":{"origin":3791,"position":1},"title":"Pozic mamo raz &#8211; Zuzanna Koziej","author":"MUSPOT","date":"26 April 2025","format":false,"excerpt":"Pozic mamo raz to polska pie\u015b\u0144 ludowa, pochodz\u0105ca z regionu Kurpi\u00f3w, w opracowaniu Zuzanny Koziej. Przeznaczona na 4-g\u0142osowy ch\u00f3r \u017ce\u0144ski, m\u0119ski lub mieszany, bez divisi. Utw\u00f3r utrzymany w spokojnym charakterze, tempie umiarkowanym.","rel":"","context":"Similar post","block_context":{"text":"Similar post","link":""},"img":{"alt_text":"","src":"https:\/\/i0.wp.com\/muspot.art\/wp-content\/uploads\/2025\/04\/MUS_Pozic-SSAA-WM_page-0001.jpg?fit=849%2C1200&ssl=1&resize=350%2C200","width":350,"height":200,"srcset":"https:\/\/i0.wp.com\/muspot.art\/wp-content\/uploads\/2025\/04\/MUS_Pozic-SSAA-WM_page-0001.jpg?fit=849%2C1200&ssl=1&resize=350%2C200 1x, https:\/\/i0.wp.com\/muspot.art\/wp-content\/uploads\/2025\/04\/MUS_Pozic-SSAA-WM_page-0001.jpg?fit=849%2C1200&ssl=1&resize=525%2C300 1.5x, https:\/\/i0.wp.com\/muspot.art\/wp-content\/uploads\/2025\/04\/MUS_Pozic-SSAA-WM_page-0001.jpg?fit=849%2C1200&ssl=1&resize=700%2C400 2x"},"classes":[]},{"id":2836,"url":"https:\/\/muspot.art\/en\/product\/matulu-moja-zuzanna-koziej\/","url_meta":{"origin":3791,"position":2},"title":"Matulu moja &#8211; Zuzanna Koziej","author":"MUSPOT","date":"3 May 2025","format":false,"excerpt":"\"Matulu moja\" to polska pie\u015b\u0144 ludowa, pochodz\u0105ca z regionu Kurpi\u00f3w, w opracowaniu Zuzanny Koziej. Przeznaczona na 4-g\u0142osowy ch\u00f3r \u017ce\u0144ski, m\u0119ski lub mieszany. Utw\u00f3r jest \u017cywio\u0142owy, rytmiczny, o nak\u0142adaj\u0105cych si\u0119 rytmach dwu- i tr\u00f3jdzielnych. Czas trwania: 2' Mo\u017ce zosta\u0107 wykonany w cyklu z innymi opracowaniami: \u2022 Pozic mamo raz (Kurpie), Ko\u0142ysz\u017ce\u2026","rel":"","context":"Similar post","block_context":{"text":"Similar post","link":""},"img":{"alt_text":"","src":"https:\/\/i0.wp.com\/muspot.art\/wp-content\/uploads\/2025\/05\/Matulu-moja-Zuzanna-Koziej-SSAA-WM_page-0001.jpg?fit=849%2C1200&ssl=1&resize=350%2C200","width":350,"height":200,"srcset":"https:\/\/i0.wp.com\/muspot.art\/wp-content\/uploads\/2025\/05\/Matulu-moja-Zuzanna-Koziej-SSAA-WM_page-0001.jpg?fit=849%2C1200&ssl=1&resize=350%2C200 1x, https:\/\/i0.wp.com\/muspot.art\/wp-content\/uploads\/2025\/05\/Matulu-moja-Zuzanna-Koziej-SSAA-WM_page-0001.jpg?fit=849%2C1200&ssl=1&resize=525%2C300 1.5x, https:\/\/i0.wp.com\/muspot.art\/wp-content\/uploads\/2025\/05\/Matulu-moja-Zuzanna-Koziej-SSAA-WM_page-0001.jpg?fit=849%2C1200&ssl=1&resize=700%2C400 2x"},"classes":[]}],"_links":{"self":[{"href":"https:\/\/muspot.art\/en\/wp-json\/wp\/v2\/product\/3791","targetHints":{"allow":["GET"]}}],"collection":[{"href":"https:\/\/muspot.art\/en\/wp-json\/wp\/v2\/product"}],"about":[{"href":"https:\/\/muspot.art\/en\/wp-json\/wp\/v2\/types\/product"}],"wp:featuredmedia":[{"embeddable":true,"href":"https:\/\/muspot.art\/en\/wp-json\/wp\/v2\/media\/3796"}],"wp:attachment":[{"href":"https:\/\/muspot.art\/en\/wp-json\/wp\/v2\/media?parent=3791"}],"wp:term":[{"taxonomy":"product_brand","embeddable":true,"href":"https:\/\/muspot.art\/en\/wp-json\/wp\/v2\/product_brand?post=3791"},{"taxonomy":"product_cat","embeddable":true,"href":"https:\/\/muspot.art\/en\/wp-json\/wp\/v2\/product_cat?post=3791"},{"taxonomy":"product_tag","embeddable":true,"href":"https:\/\/muspot.art\/en\/wp-json\/wp\/v2\/product_tag?post=3791"}],"curies":[{"name":"wp","href":"https:\/\/api.w.org\/{rel}","templated":true}]}}