{"id":2747,"date":"2025-05-02T12:24:19","date_gmt":"2025-05-02T10:24:19","guid":{"rendered":"https:\/\/muspot.art\/?post_type=product&#038;p=2747"},"modified":"2025-09-26T10:07:30","modified_gmt":"2025-09-26T08:07:30","slug":"ave-maris-stella-michal-malec","status":"publish","type":"product","link":"https:\/\/muspot.art\/en\/product\/ave-maris-stella-michal-malec\/","title":{"rendered":"Ave maris stella &#8211; Micha\u0142 Malec"},"content":{"rendered":"","protected":false},"excerpt":{"rendered":"","protected":false},"featured_media":2750,"template":"","meta":{"_eb_attr":"","_crdt_document":"","advanced_seo_description":"","jetpack_seo_html_title":"","jetpack_seo_noindex":false,"_EventAllDay":false,"_EventTimezone":"","_EventStartDate":"","_EventEndDate":"","_EventStartDateUTC":"","_EventEndDateUTC":"","_EventShowMap":false,"_EventShowMapLink":false,"_EventURL":"","_EventCost":"","_EventCostDescription":"","_EventCurrencySymbol":"","_EventCurrencyCode":"","_EventCurrencyPosition":"","_EventDateTimeSeparator":"","_EventTimeRangeSeparator":"","_EventOrganizerID":[],"_EventVenueID":[],"_OrganizerEmail":"","_OrganizerPhone":"","_OrganizerWebsite":"","_VenueAddress":"","_VenueCity":"","_VenueCountry":"","_VenueProvince":"","_VenueState":"","_VenueZip":"","_VenuePhone":"","_VenueURL":"","_VenueStateProvince":"","_VenueLat":"","_VenueLng":"","_VenueShowMap":false,"_VenueShowMapLink":false,"_themeisle_gutenberg_block_has_review":false,"jetpack_publicize_message":"","jetpack_publicize_feature_enabled":true,"jetpack_social_post_already_shared":true,"jetpack_social_options":{"image_generator_settings":{"template":"highway","default_image_id":0,"font":"","enabled":false},"version":2},"_wpas_customize_per_network":false},"product_brand":[],"product_cat":[14804,14979],"product_tag":[15042,15081,15064,15055,15160,15063,14946,14947],"class_list":{"0":"post-2747","1":"product","2":"type-product","3":"status-publish","4":"has-post-thumbnail","6":"product_cat-chor-mieszany","7":"product_cat-michal-malec","8":"product_tag-gwiazdy","9":"product_tag-hymn","10":"product_tag-maryja","11":"product_tag-matka","12":"product_tag-modlitwa","13":"product_tag-morze","14":"product_tag-sacred","15":"product_tag-latin","16":"pa_jezyk-latin","17":"pa_kompozytor-michal-malec","18":"pa_lyrics-domena-publiczna","19":"pa_lyrics-tradycyjny","20":"pa_obsada-acappella","21":"pa_poziom-sredniozaawansowany","22":"pa_rok-14872","23":"pa_sklad-chormieszany","24":"pa_strony-14928","25":"pa_styl-sakralne","27":"first","28":"instock","29":"downloadable","30":"virtual","31":"purchasable","32":"product-type-simple"},"jetpack_publicize_connections":[],"jetpack_likes_enabled":false,"jetpack_sharing_enabled":false,"jetpack-related-posts":[{"id":2870,"url":"https:\/\/muspot.art\/en\/product\/prostota-zycia-michal-malec\/","url_meta":{"origin":2747,"position":0},"title":"Prostota \u017cycia &#8211; Micha\u0142 Malec","author":"MUSPOT","date":"4 May 2025","format":false,"excerpt":"Czas trwania: 5' 15''","rel":"","context":"Similar post","block_context":{"text":"Similar post","link":""},"img":{"alt_text":"","src":"https:\/\/i0.wp.com\/muspot.art\/wp-content\/uploads\/2025\/05\/Prostota-zycia-Michal-Malec-WM_page-0001.jpg?fit=849%2C1200&ssl=1&resize=350%2C200","width":350,"height":200,"srcset":"https:\/\/i0.wp.com\/muspot.art\/wp-content\/uploads\/2025\/05\/Prostota-zycia-Michal-Malec-WM_page-0001.jpg?fit=849%2C1200&ssl=1&resize=350%2C200 1x, https:\/\/i0.wp.com\/muspot.art\/wp-content\/uploads\/2025\/05\/Prostota-zycia-Michal-Malec-WM_page-0001.jpg?fit=849%2C1200&ssl=1&resize=525%2C300 1.5x, https:\/\/i0.wp.com\/muspot.art\/wp-content\/uploads\/2025\/05\/Prostota-zycia-Michal-Malec-WM_page-0001.jpg?fit=849%2C1200&ssl=1&resize=700%2C400 2x"},"classes":[]},{"id":2864,"url":"https:\/\/muspot.art\/en\/product\/psalm-100-michal-malec\/","url_meta":{"origin":2747,"position":1},"title":"Psalm 100 &#8211; Micha\u0142 Malec","author":"MUSPOT","date":"4 May 2025","format":false,"excerpt":"Psalm 100 to utw\u00f3r sakralny Micha\u0142a Malca w j\u0119zyku \u0142aci\u0144skim, przeznaczony na ch\u00f3r mieszany z divisi.","rel":"","context":"Similar post","block_context":{"text":"Similar post","link":""},"img":{"alt_text":"","src":"https:\/\/i0.wp.com\/muspot.art\/wp-content\/uploads\/2025\/05\/Psalm-100-Michal-Malec-WM_page-0001.jpg?fit=849%2C1200&ssl=1&resize=350%2C200","width":350,"height":200,"srcset":"https:\/\/i0.wp.com\/muspot.art\/wp-content\/uploads\/2025\/05\/Psalm-100-Michal-Malec-WM_page-0001.jpg?fit=849%2C1200&ssl=1&resize=350%2C200 1x, https:\/\/i0.wp.com\/muspot.art\/wp-content\/uploads\/2025\/05\/Psalm-100-Michal-Malec-WM_page-0001.jpg?fit=849%2C1200&ssl=1&resize=525%2C300 1.5x, https:\/\/i0.wp.com\/muspot.art\/wp-content\/uploads\/2025\/05\/Psalm-100-Michal-Malec-WM_page-0001.jpg?fit=849%2C1200&ssl=1&resize=700%2C400 2x"},"classes":[]},{"id":2828,"url":"https:\/\/muspot.art\/en\/product\/missa-brevis-michal-malec\/","url_meta":{"origin":2747,"position":2},"title":"Missa brevis &#8211; Micha\u0142 Malec","author":"MUSPOT","date":"3 May 2025","format":false,"excerpt":"Missa Brevis to utw\u00f3r Micha\u0142a Malca, sk\u0142adaj\u0105cy si\u0119 z\u00a0 3 cz\u0119\u015bci: Kyrie, Sanctus oraz Agnus Dei. Przeznaczony na 4-g\u0142osowy ch\u00f3r mieszany o \u015brednim stopniu zaawansowania. Odpowiedni do u\u017cytku liturgicznego.","rel":"","context":"Similar post","block_context":{"text":"Similar post","link":""},"img":{"alt_text":"","src":"https:\/\/i0.wp.com\/muspot.art\/wp-content\/uploads\/2025\/05\/Missa-brevis-perusal1.jpg?fit=849%2C1200&ssl=1&resize=350%2C200","width":350,"height":200,"srcset":"https:\/\/i0.wp.com\/muspot.art\/wp-content\/uploads\/2025\/05\/Missa-brevis-perusal1.jpg?fit=849%2C1200&ssl=1&resize=350%2C200 1x, https:\/\/i0.wp.com\/muspot.art\/wp-content\/uploads\/2025\/05\/Missa-brevis-perusal1.jpg?fit=849%2C1200&ssl=1&resize=525%2C300 1.5x, https:\/\/i0.wp.com\/muspot.art\/wp-content\/uploads\/2025\/05\/Missa-brevis-perusal1.jpg?fit=849%2C1200&ssl=1&resize=700%2C400 2x"},"classes":[]},{"id":4322,"url":"https:\/\/muspot.art\/en\/product\/piesn-o-lublinie-michal-malec\/","url_meta":{"origin":2747,"position":3},"title":"Pie\u015b\u0144 o mie\u015bcie Lublinie &#8211; Micha\u0142 Malec","author":"MUSPOT","date":"26 September 2025","format":false,"excerpt":"\"Pie\u015b\u0144 o mie\u015bcie Lublinie\" to utw\u00f3r Micha\u0142a Malca do tekstu J\u00f3zefa Czechowicza \"Poemat o mie\u015bcie Lublinie\", przeznaczony na ch\u00f3r mieszany 4-g\u0142osowy w j\u0119zyku polskim.","rel":"","context":"Similar post","block_context":{"text":"Similar post","link":""},"img":{"alt_text":"","src":"https:\/\/i0.wp.com\/muspot.art\/wp-content\/uploads\/2025\/09\/Piesn-o-miescie-Lublinie-Michal-Malec-WM_page-0001.jpg?fit=849%2C1200&ssl=1&resize=350%2C200","width":350,"height":200,"srcset":"https:\/\/i0.wp.com\/muspot.art\/wp-content\/uploads\/2025\/09\/Piesn-o-miescie-Lublinie-Michal-Malec-WM_page-0001.jpg?fit=849%2C1200&ssl=1&resize=350%2C200 1x, https:\/\/i0.wp.com\/muspot.art\/wp-content\/uploads\/2025\/09\/Piesn-o-miescie-Lublinie-Michal-Malec-WM_page-0001.jpg?fit=849%2C1200&ssl=1&resize=525%2C300 1.5x, https:\/\/i0.wp.com\/muspot.art\/wp-content\/uploads\/2025\/09\/Piesn-o-miescie-Lublinie-Michal-Malec-WM_page-0001.jpg?fit=849%2C1200&ssl=1&resize=700%2C400 2x"},"classes":[]},{"id":4403,"url":"https:\/\/muspot.art\/en\/product\/ave-maria-anna-roclawska-musialczyk\/","url_meta":{"origin":2747,"position":4},"title":"Ave Maria &#8211; Anna Roc\u0142awska-Musia\u0142czyk","author":"MUSPOT","date":"14 October 2025","format":false,"excerpt":"\"Ave Maria\" to utw\u00f3r sakralny Anny Roc\u0142awskiej-Musia\u0142czyk. Przeznaczony na ch\u00f3r \u017ce\u0144ski, po \u0142acinie.","rel":"","context":"Similar post","block_context":{"text":"Similar post","link":""},"img":{"alt_text":"","src":"https:\/\/i0.wp.com\/muspot.art\/wp-content\/uploads\/2025\/10\/Ave-Maria-Anna-Roclawska-Musialczyk-WM_page-0001.webp?fit=849%2C1200&ssl=1&resize=350%2C200","width":350,"height":200,"srcset":"https:\/\/i0.wp.com\/muspot.art\/wp-content\/uploads\/2025\/10\/Ave-Maria-Anna-Roclawska-Musialczyk-WM_page-0001.webp?fit=849%2C1200&ssl=1&resize=350%2C200 1x, https:\/\/i0.wp.com\/muspot.art\/wp-content\/uploads\/2025\/10\/Ave-Maria-Anna-Roclawska-Musialczyk-WM_page-0001.webp?fit=849%2C1200&ssl=1&resize=525%2C300 1.5x, https:\/\/i0.wp.com\/muspot.art\/wp-content\/uploads\/2025\/10\/Ave-Maria-Anna-Roclawska-Musialczyk-WM_page-0001.webp?fit=849%2C1200&ssl=1&resize=700%2C400 2x"},"classes":[]}],"_links":{"self":[{"href":"https:\/\/muspot.art\/en\/wp-json\/wp\/v2\/product\/2747","targetHints":{"allow":["GET"]}}],"collection":[{"href":"https:\/\/muspot.art\/en\/wp-json\/wp\/v2\/product"}],"about":[{"href":"https:\/\/muspot.art\/en\/wp-json\/wp\/v2\/types\/product"}],"wp:featuredmedia":[{"embeddable":true,"href":"https:\/\/muspot.art\/en\/wp-json\/wp\/v2\/media\/2750"}],"wp:attachment":[{"href":"https:\/\/muspot.art\/en\/wp-json\/wp\/v2\/media?parent=2747"}],"wp:term":[{"taxonomy":"product_brand","embeddable":true,"href":"https:\/\/muspot.art\/en\/wp-json\/wp\/v2\/product_brand?post=2747"},{"taxonomy":"product_cat","embeddable":true,"href":"https:\/\/muspot.art\/en\/wp-json\/wp\/v2\/product_cat?post=2747"},{"taxonomy":"product_tag","embeddable":true,"href":"https:\/\/muspot.art\/en\/wp-json\/wp\/v2\/product_tag?post=2747"}],"curies":[{"name":"wp","href":"https:\/\/api.w.org\/{rel}","templated":true}]}}