{"id":781,"date":"2024-01-22T18:37:49","date_gmt":"2024-01-22T17:37:49","guid":{"rendered":"https:\/\/muspot.art\/lp-term-conditions\/"},"modified":"2025-05-03T11:49:44","modified_gmt":"2025-05-03T09:49:44","slug":"regulamin-sklepu","status":"publish","type":"page","link":"https:\/\/muspot.art\/en\/regulamin-sklepu\/","title":{"rendered":"Online store terms"},"content":{"rendered":"<h2>1. General information<\/h2>\n<p>Store <strong>Muspot<\/strong> offers only digital products \u2013 e.g. sheet music in PDF format and access to recordings or audio files.<\/p>\n\n<h2>2. Purchase and delivery<\/h2>\n<p>After payment, the digital product is available for immediate download. We do not ship physical products.<\/p>\n\n<h2>3. Product returns are not possible<\/h2>\n<p>In accordance with applicable law, we do not accept returns on digital products that have been downloaded. Please purchase carefully.<\/p>\n\n<h2>4. Copyright and Licenses<\/h2>\n<p>Purchasing a digital product <strong>does not mean obtaining a license<\/strong> to it's:<\/p>\n<ul>\n  <li>public performance<\/li>\n  <li>recording<\/li>\n  <li>emission<\/li>\n  <li>publishing<\/li>\n<\/ul>\n<p>A license for such activities must be obtained from the appropriate copyright collective organization \u2013 in Poland it is <strong>ZAiKS<\/strong>.<\/p>\n\n<h2>5. Acceptance of the regulations<\/h2>\n<p>Making a purchase in the Muspot store constitutes acceptance of these regulations and <a href=\"\/en\/polityka-prywatnosci\/\">privacy policy<\/a>.<\/p>\n\n<h2>6. Contact<\/h2>\n<p>If you have any questions, please contact us via the contact form on the website. <strong>muspot.art@gmail.com<\/strong><\/p>","protected":false},"excerpt":{"rendered":"<p>1. Informacje og\u00f3lne Sklep Muspot oferuje wy\u0142\u0105cznie produkty cyfrowe \u2013 np. nuty w formacie PDF oraz dost\u0119p do nagra\u0144 lub plik\u00f3w audio. 2. Zakup i dostawa Po dokonaniu p\u0142atno\u015bci, produkt [&hellip;]<\/p>\n","protected":false},"author":242172294,"featured_media":0,"parent":0,"menu_order":0,"comment_status":"closed","ping_status":"closed","template":"","meta":{"_eb_attr":"","_crdt_document":"","advanced_seo_description":"","jetpack_seo_html_title":"","jetpack_seo_noindex":false,"_EventAllDay":false,"_EventTimezone":"","_EventStartDate":"","_EventEndDate":"","_EventStartDateUTC":"","_EventEndDateUTC":"","_EventShowMap":false,"_EventShowMapLink":false,"_EventURL":"","_EventCost":"","_EventCostDescription":"","_EventCurrencySymbol":"","_EventCurrencyCode":"","_EventCurrencyPosition":"","_EventDateTimeSeparator":"","_EventTimeRangeSeparator":"","_EventOrganizerID":[],"_EventVenueID":[],"_OrganizerEmail":"","_OrganizerPhone":"","_OrganizerWebsite":"","_VenueAddress":"","_VenueCity":"","_VenueCountry":"","_VenueProvince":"","_VenueState":"","_VenueZip":"","_VenuePhone":"","_VenueURL":"","_VenueStateProvince":"","_VenueLat":"","_VenueLng":"","_VenueShowMap":false,"_VenueShowMapLink":false,"_themeisle_gutenberg_block_has_review":false,"footnotes":""},"folder":[],"class_list":["post-781","page","type-page","status-publish","hentry"],"jetpack_likes_enabled":true,"jetpack_sharing_enabled":true,"jetpack_shortlink":"https:\/\/wp.me\/PffYXX-cB","jetpack-related-posts":[{"id":3021,"url":"https:\/\/muspot.art\/en\/przewodnik\/prawo-autorskie\/","url_meta":{"origin":781,"position":0},"title":"PRAWO AUTORSKIE","author":"MUSPOT","date":"23 May 2025","format":false,"excerpt":"Dowiedz si\u0119 wi\u0119cej o prawie autorskim i innych przydatnych rzeczach dla dyrygenta, ch\u00f3rzysty, kompozytora czy organizatora wydarze\u0144 kulturalnych. \u00a0 DLACZEGO NALE\u017bY KUPOWA\u0106 NUTY? Nuty to zapis dzie\u0142a muzycznego, kt\u00f3ry podlega ochronie prawem autorskim \u2013 tak samo jak samo dzie\u0142o. Zar\u00f3wno muzyka, jak i jej zapis w formie nut, s\u0105 w\u0142asno\u015bci\u0105\u2026","rel":"","context":"Similar post","block_context":{"text":"Similar post","link":""},"img":{"alt_text":"","src":"","width":0,"height":0},"classes":[]},{"id":3016,"url":"https:\/\/muspot.art\/en\/przewodnik\/zaiks-i-tantiemy\/","url_meta":{"origin":781,"position":1},"title":"ZAiKS I TANTIEMY","author":"MUSPOT","date":"19 May 2025","format":false,"excerpt":"Kiedy potrzebna jest licencja, co to s\u0105 tantiemy i kto musi je op\u0142aci\u0107. \u00a0 LEGALNE WYKONYWANIE UTWORU Ka\u017cdy wykonawca powinien posiada\u0107 oryginalny egzemplarz nut \u2013 zakupiony legalnie, a nie skopiowany. To szacunek dla pracy tw\u00f3rcy i obowi\u0105zek wynikaj\u0105cy z prawa autorskiego. Dodatkowo, za publiczne wykonanie utworu (np. podczas koncertu) nale\u017cy\u2026","rel":"","context":"Similar post","block_context":{"text":"Similar post","link":""},"img":{"alt_text":"","src":"","width":0,"height":0},"classes":[]},{"id":3337,"url":"https:\/\/muspot.art\/en\/faq\/","url_meta":{"origin":781,"position":2},"title":"FAQ","author":"MUSPOT","date":"23 May 2025","format":false,"excerpt":"Czy w Muspocie mo\u017cna kupi\u0107 papierowe nuty? Nie. Prowadzimy sprzeda\u017c wy\u0142\u0105cznie nut w formacie cyfrowym. Po zakupie otrzymasz plik PDF, kt\u00f3ry b\u0119dzie mo\u017cna pobra\u0107 przez link w mailu potwierdzaj\u0105cym zakup. Plik mo\u017cna pobra\u0107 ponownie tak\u017ce po zalogowaniu si\u0119 na swoje konto na naszej stronie. Czy mo\u017cna zwr\u00f3ci\u0107 zakupiony produkt? Niestety,\u2026","rel":"","context":"Similar post","block_context":{"text":"Similar post","link":""},"img":{"alt_text":"","src":"","width":0,"height":0},"classes":[]},{"id":1769,"url":"https:\/\/muspot.art\/en\/kompozytorzy\/marek-raczynski\/","url_meta":{"origin":781,"position":3},"title":"MAREK RACZY\u0143SKI","author":"MUSPOT","date":"7 August 2024","format":false,"excerpt":"Marek Raczy\u0144ski jest autorem wielu utwor\u00f3w wokalno- instrumentalnych, kameralnych form instrumentalnych, a tak\u017ce licznych aran\u017cacji. Szczeg\u00f3lne uznanie zyska\u0142y jednak jego kompozycje przeznaczone na ch\u00f3r a cappella. Obecnie znajduj\u0105 si\u0119 one w sta\u0142ym repertuarze zespo\u0142\u00f3w na ca\u0142ym \u015bwiecie (m.in.: USA, Argentyna, Meksyk, Japonia, Walia, Niemcy, Francja, Austria, Litwa, Holandia). Utwory Marka\u2026","rel":"","context":"Similar post","block_context":{"text":"Similar post","link":""},"img":{"alt_text":"","src":"","width":0,"height":0},"classes":[]},{"id":92,"url":"https:\/\/muspot.art\/en\/zamowienie\/","url_meta":{"origin":781,"position":4},"title":"Zam\u00f3wienie","author":"MUSPOT","date":"5 November 2023","format":false,"excerpt":"Po otrzymaniu p\u0142atno\u015bci zakupiony produkt b\u0119dzie mo\u017cna pobra\u0107 z zak\u0142adki Moje konto lub z wiadomo\u015bci e-mail, potwierdzaj\u0105cej zakup. Prosimy upewni\u0107 si\u0119, czy wiadomo\u015b\u0107 z linkiem do pobrania nie trafi\u0142a do spamu.","rel":"","context":"Similar post","block_context":{"text":"Similar post","link":""},"img":{"alt_text":"","src":"","width":0,"height":0},"classes":[]},{"id":2394,"url":"https:\/\/muspot.art\/en\/przewodnik\/organizacja-koncertu\/","url_meta":{"origin":781,"position":5},"title":"ORGANIZACJA KONCERTU","author":"MUSPOT","date":"25 January 2025","format":false,"excerpt":"O czym pami\u0119ta\u0107, planuj\u0105c koncert \u2013 od zg\u0142oszenia w ZAiKS po promocj\u0119 wydarzenia. Organizacja koncertu to nie tylko wynajem sali i zatrudnienie wykonawc\u00f3w. Pami\u0119taj r\u00f3wnie\u017c o kilku istotnych kwestiach, kt\u00f3re pomog\u0105 w profesjonalnym i zgodnym z prawem przygotowaniu wydarzenia: \u00a0 ZADBAJ O ZAPLECZE TECHNICZNE I ORGANIZACYJNE \u2013 Wynajem sali koncertowej\u2013\u2026","rel":"","context":"Similar post","block_context":{"text":"Similar post","link":""},"img":{"alt_text":"","src":"","width":0,"height":0},"classes":[]}],"_links":{"self":[{"href":"https:\/\/muspot.art\/en\/wp-json\/wp\/v2\/pages\/781","targetHints":{"allow":["GET"]}}],"collection":[{"href":"https:\/\/muspot.art\/en\/wp-json\/wp\/v2\/pages"}],"about":[{"href":"https:\/\/muspot.art\/en\/wp-json\/wp\/v2\/types\/page"}],"author":[{"embeddable":true,"href":"https:\/\/muspot.art\/en\/wp-json\/wp\/v2\/users\/242172294"}],"replies":[{"embeddable":true,"href":"https:\/\/muspot.art\/en\/wp-json\/wp\/v2\/comments?post=781"}],"version-history":[{"count":3,"href":"https:\/\/muspot.art\/en\/wp-json\/wp\/v2\/pages\/781\/revisions"}],"predecessor-version":[{"id":2854,"href":"https:\/\/muspot.art\/en\/wp-json\/wp\/v2\/pages\/781\/revisions\/2854"}],"wp:attachment":[{"href":"https:\/\/muspot.art\/en\/wp-json\/wp\/v2\/media?parent=781"}],"wp:term":[{"taxonomy":"folder","embeddable":true,"href":"https:\/\/muspot.art\/en\/wp-json\/wp\/v2\/folder?post=781"}],"curies":[{"name":"wp","href":"https:\/\/api.w.org\/{rel}","templated":true}]}}