{"id":2359,"date":"2025-01-24T10:58:11","date_gmt":"2025-01-24T09:58:11","guid":{"rendered":"https:\/\/muspot.art\/moje-konto\/"},"modified":"2025-06-07T00:17:40","modified_gmt":"2025-06-06T22:17:40","slug":"moje-konto","status":"publish","type":"page","link":"https:\/\/muspot.art\/en\/moje-konto\/","title":{"rendered":"My account"},"content":{"rendered":"<div class=\"woocommerce\"><\/div>","protected":false},"excerpt":{"rendered":"","protected":false},"author":1,"featured_media":0,"parent":0,"menu_order":0,"comment_status":"closed","ping_status":"closed","template":"","meta":{"_eb_attr":"","_crdt_document":"","advanced_seo_description":"","jetpack_seo_html_title":"","jetpack_seo_noindex":false,"_EventAllDay":false,"_EventTimezone":"","_EventStartDate":"","_EventEndDate":"","_EventStartDateUTC":"","_EventEndDateUTC":"","_EventShowMap":false,"_EventShowMapLink":false,"_EventURL":"","_EventCost":"","_EventCostDescription":"","_EventCurrencySymbol":"","_EventCurrencyCode":"","_EventCurrencyPosition":"","_EventDateTimeSeparator":"","_EventTimeRangeSeparator":"","_EventOrganizerID":[],"_EventVenueID":[],"_OrganizerEmail":"","_OrganizerPhone":"","_OrganizerWebsite":"","_VenueAddress":"","_VenueCity":"","_VenueCountry":"","_VenueProvince":"","_VenueState":"","_VenueZip":"","_VenuePhone":"","_VenueURL":"","_VenueStateProvince":"","_VenueLat":"","_VenueLng":"","_VenueShowMap":false,"_VenueShowMapLink":false,"_themeisle_gutenberg_block_has_review":false,"footnotes":""},"folder":[],"class_list":["post-2359","page","type-page","status-publish","hentry"],"jetpack_likes_enabled":true,"jetpack_sharing_enabled":true,"jetpack_shortlink":"https:\/\/wp.me\/PffYXX-C3","jetpack-related-posts":[{"id":92,"url":"https:\/\/muspot.art\/en\/zamowienie\/","url_meta":{"origin":2359,"position":0},"title":"Zam\u00f3wienie","author":"MUSPOT","date":"5 November 2023","format":false,"excerpt":"Po otrzymaniu p\u0142atno\u015bci zakupiony produkt b\u0119dzie mo\u017cna pobra\u0107 z zak\u0142adki Moje konto lub z wiadomo\u015bci e-mail, potwierdzaj\u0105cej zakup. Prosimy upewni\u0107 si\u0119, czy wiadomo\u015b\u0107 z linkiem do pobrania nie trafi\u0142a do spamu.","rel":"","context":"Similar post","block_context":{"text":"Similar post","link":""},"img":{"alt_text":"","src":"","width":0,"height":0},"classes":[]},{"id":3337,"url":"https:\/\/muspot.art\/en\/faq\/","url_meta":{"origin":2359,"position":1},"title":"FAQ","author":"MUSPOT","date":"23 May 2025","format":false,"excerpt":"Czy w Muspocie mo\u017cna kupi\u0107 papierowe nuty? Nie. Prowadzimy sprzeda\u017c wy\u0142\u0105cznie nut w formacie cyfrowym. Po zakupie otrzymasz plik PDF, kt\u00f3ry b\u0119dzie mo\u017cna pobra\u0107 przez link w mailu potwierdzaj\u0105cym zakup. Plik mo\u017cna pobra\u0107 ponownie tak\u017ce po zalogowaniu si\u0119 na swoje konto na naszej stronie. Czy mo\u017cna zwr\u00f3ci\u0107 zakupiony produkt? Niestety,\u2026","rel":"","context":"Similar post","block_context":{"text":"Similar post","link":""},"img":{"alt_text":"","src":"","width":0,"height":0},"classes":[]},{"id":4656,"url":"https:\/\/muspot.art\/en\/280954257-2\/","url_meta":{"origin":2359,"position":2},"title":"Perusal scores","author":"MUSPOT","date":"12 December 2025","format":false,"excerpt":"Click a chosen piece to download the perusal score Upper voices sacred+ Ave Maria - Anna Roc\u0142awska-Musia\u0142czyk Christe, audi nos - Pawe\u0142 \u0141ukaszewski Laus Trinitati - Zuzanna Koziej Pater Noster - Zuzanna Koziej - SSAA secular+ Fairy's Song - Jakub Szafra\u0144ski Winter Lights - Zuzanna Koziej Tuimbe pamoja! - SSA\u2026","rel":"","context":"Similar post","block_context":{"text":"Similar post","link":""},"img":{"alt_text":"","src":"","width":0,"height":0},"classes":[]},{"id":219,"url":"https:\/\/muspot.art\/en\/","url_meta":{"origin":2359,"position":3},"title":"MUSPOT","author":"MUSPOT","date":"5 November 2023","format":false,"excerpt":"MUSPOT MUSPOT to przestrze\u0144 po\u015bwi\u0119cona polskiej wsp\u00f3\u0142czesnej muzyce ch\u00f3ralnej. Tutaj mo\u017cesz zakupi\u0107 z legalnych \u017ar\u00f3de\u0142 partytury wsp\u00f3\u0142czesnych kompozytor\u00f3w. Kupuj\u0105c tu nuty wspierasz polskich tw\u00f3rc\u00f3w! MUSPOT to co\u015b wi\u0119cej ni\u017c sklep. Projekt ma na celu budowanie przestrzeni wsp\u00f3lnej dla dyrygent\u00f3w, kompozytor\u00f3w, ch\u00f3rzyst\u00f3w i wszystkich os\u00f3b zainteresowanych muzyk\u0105 ch\u00f3raln\u0105. Przeczytaj o idei\u2026","rel":"","context":"Similar post","block_context":{"text":"Similar post","link":""},"img":{"alt_text":"","src":"","width":0,"height":0},"classes":[]},{"id":1789,"url":"https:\/\/muspot.art\/en\/kompozytorzy\/zuzanna-koziej\/","url_meta":{"origin":2359,"position":4},"title":"ZUZANNA KOZIEJ","author":"MUSPOT","date":"7 August 2024","format":false,"excerpt":"Kompozytorka i aran\u017cerka. Absolwentka Uniwersytetu Muzycznego Fryderyka Chopina w Warszawie, studiowa\u0142a tak\u017ce w Conservatorio Statale di Musica \u201eGiuseppe Verdi\u201d w Turynie. Kszta\u0142ci\u0142a si\u0119 u takich kompozytor\u00f3w, jak \u0112riks E\u0161envalds, Bob Chillcot, Ko Matsushita, Pawe\u0142 \u0141ukaszewski, Mi\u0142osz Bembinow, Stanis\u0142aw Moryto, Magdalena Cynk czy Giuseppe Elos. By\u0142a stypen\u00addystk\u0105 Ministra Kultury i Dziedzictwa\u2026","rel":"","context":"Similar post","block_context":{"text":"Similar post","link":""},"img":{"alt_text":"","src":"","width":0,"height":0},"classes":[]},{"id":3191,"url":"https:\/\/muspot.art\/en\/kompozytorzy\/anna-roclawska-musialczyk\/","url_meta":{"origin":2359,"position":5},"title":"ANNA ROC\u0141AWSKA-MUSIA\u0141CZYK","author":"MUSPOT","date":"21 May 2025","format":false,"excerpt":"kompozytorka, aran\u017cerka, pianistka, cz\u0142onkini Art\u2019n\u2019Voices Vocal Ensemble Emocjonalno\u015b\u0107. Jej muzyka balansuje na granicy tego, co nowoczesne, wymagaj\u0105ce i wysublimowane, oraz tego, co delikatne, przyjemne w odbiorze i bezpretensjonalne. To swojego rodzaju duchowe prze\u017cycie, bardzo indywidualne dla ka\u017cdego s\u0142uchacza. Pozwala odbiorcy na wiwisekcj\u0119 jego osobistych prze\u017cy\u0107, wspomnie\u0144 i wniosk\u00f3w. W swojej\u2026","rel":"","context":"Similar post","block_context":{"text":"Similar post","link":""},"img":{"alt_text":"","src":"","width":0,"height":0},"classes":[]}],"_links":{"self":[{"href":"https:\/\/muspot.art\/en\/wp-json\/wp\/v2\/pages\/2359","targetHints":{"allow":["GET"]}}],"collection":[{"href":"https:\/\/muspot.art\/en\/wp-json\/wp\/v2\/pages"}],"about":[{"href":"https:\/\/muspot.art\/en\/wp-json\/wp\/v2\/types\/page"}],"author":[{"embeddable":true,"href":"https:\/\/muspot.art\/en\/wp-json\/wp\/v2\/users\/1"}],"replies":[{"embeddable":true,"href":"https:\/\/muspot.art\/en\/wp-json\/wp\/v2\/comments?post=2359"}],"version-history":[{"count":4,"href":"https:\/\/muspot.art\/en\/wp-json\/wp\/v2\/pages\/2359\/revisions"}],"predecessor-version":[{"id":3531,"href":"https:\/\/muspot.art\/en\/wp-json\/wp\/v2\/pages\/2359\/revisions\/3531"}],"wp:attachment":[{"href":"https:\/\/muspot.art\/en\/wp-json\/wp\/v2\/media?parent=2359"}],"wp:term":[{"taxonomy":"folder","embeddable":true,"href":"https:\/\/muspot.art\/en\/wp-json\/wp\/v2\/folder?post=2359"}],"curies":[{"name":"wp","href":"https:\/\/api.w.org\/{rel}","templated":true}]}}