{"id":152,"date":"2023-11-05T18:54:45","date_gmt":"2023-11-05T17:54:45","guid":{"rendered":"https:\/\/muspot.art\/?page_id=152"},"modified":"2025-12-04T12:03:57","modified_gmt":"2025-12-04T11:03:57","slug":"kontakt","status":"publish","type":"page","link":"https:\/\/muspot.art\/en\/kontakt\/","title":{"rendered":"CONTACT"},"content":{"rendered":"<div class=\"wp-block-jetpack-contact-form is-layout-flex wp-container-jetpack-contact-form-is-layout-0c8bae84 wp-block-jetpack-contact-form-is-layout-flex\"><a href=\"https:\/\/muspot.art\/en\/kontakt\/\" target=\"_blank\" rel=\"noopener noreferrer\">Submit a form.<\/a><\/div>\n\n\n<p class=\"wp-block-paragraph\"><\/p>","protected":false},"excerpt":{"rendered":"","protected":false},"author":242172294,"featured_media":0,"parent":0,"menu_order":0,"comment_status":"closed","ping_status":"closed","template":"","meta":{"_eb_attr":"","_crdt_document":"","advanced_seo_description":"","jetpack_seo_html_title":"","jetpack_seo_noindex":false,"_EventAllDay":false,"_EventTimezone":"","_EventStartDate":"","_EventEndDate":"","_EventStartDateUTC":"","_EventEndDateUTC":"","_EventShowMap":false,"_EventShowMapLink":false,"_EventURL":"","_EventCost":"","_EventCostDescription":"","_EventCurrencySymbol":"","_EventCurrencyCode":"","_EventCurrencyPosition":"","_EventDateTimeSeparator":"","_EventTimeRangeSeparator":"","_EventOrganizerID":[],"_EventVenueID":[],"_OrganizerEmail":"","_OrganizerPhone":"","_OrganizerWebsite":"","_VenueAddress":"","_VenueCity":"","_VenueCountry":"","_VenueProvince":"","_VenueState":"","_VenueZip":"","_VenuePhone":"","_VenueURL":"","_VenueStateProvince":"","_VenueLat":"","_VenueLng":"","_VenueShowMap":false,"_VenueShowMapLink":false,"_themeisle_gutenberg_block_has_review":false,"footnotes":""},"folder":[],"class_list":["post-152","page","type-page","status-publish","hentry"],"jetpack_likes_enabled":true,"jetpack_sharing_enabled":true,"jetpack_shortlink":"https:\/\/wp.me\/PffYXX-2s","jetpack-related-posts":[{"id":3005,"url":"https:\/\/muspot.art\/en\/przewodnik\/","url_meta":{"origin":152,"position":0},"title":"PRZEWODNIK","author":"MUSPOT","date":"19 May 2025","format":false,"excerpt":"PRAWO AUTORSKIE PRAWO AUTORSKIE Umowy, definicje, pola eksploatacji. Co wolno, a czego nie \u2013 jasno i praktycznie. Przeczytaj ZAiKS I TANTIEMY ZAiKS I TANTIEMY Kiedy potrzebna jest licencja, co to s\u0105 tantiemy i kto musi je op\u0142aci\u0107. Przeczytaj ORGANIZACJA KONCERTU ORGANIZACJA KONCERTU O czym pami\u0119ta\u0107, planuj\u0105c koncert \u2013 od zg\u0142oszenia\u2026","rel":"","context":"Similar post","block_context":{"text":"Similar post","link":""},"img":{"alt_text":"","src":"","width":0,"height":0},"classes":[]},{"id":781,"url":"https:\/\/muspot.art\/en\/regulamin-sklepu\/","url_meta":{"origin":152,"position":1},"title":"Online store terms","author":"MUSPOT","date":"22 January 2024","format":false,"excerpt":"1. Informacje og\u00f3lne Sklep Muspot oferuje wy\u0142\u0105cznie produkty cyfrowe \u2013 np. nuty w formacie PDF oraz dost\u0119p do nagra\u0144 lub plik\u00f3w audio. 2. Zakup i dostawa Po dokonaniu p\u0142atno\u015bci, produkt cyfrowy jest dost\u0119pny do pobrania natychmiast. Nie wysy\u0142amy produkt\u00f3w fizycznych. 3. Brak mo\u017cliwo\u015bci zwrotu Zgodnie z obowi\u0105zuj\u0105cym prawem, nie przyjmujemy\u2026","rel":"","context":"Similar post","block_context":{"text":"Similar post","link":""},"img":{"alt_text":"","src":"","width":0,"height":0},"classes":[]},{"id":2394,"url":"https:\/\/muspot.art\/en\/przewodnik\/organizacja-koncertu\/","url_meta":{"origin":152,"position":2},"title":"ORGANIZACJA KONCERTU","author":"MUSPOT","date":"25 January 2025","format":false,"excerpt":"O czym pami\u0119ta\u0107, planuj\u0105c koncert \u2013 od zg\u0142oszenia w ZAiKS po promocj\u0119 wydarzenia. Organizacja koncertu to nie tylko wynajem sali i zatrudnienie wykonawc\u00f3w. Pami\u0119taj r\u00f3wnie\u017c o kilku istotnych kwestiach, kt\u00f3re pomog\u0105 w profesjonalnym i zgodnym z prawem przygotowaniu wydarzenia: \u00a0 ZADBAJ O ZAPLECZE TECHNICZNE I ORGANIZACYJNE \u2013 Wynajem sali koncertowej\u2013\u2026","rel":"","context":"Similar post","block_context":{"text":"Similar post","link":""},"img":{"alt_text":"","src":"","width":0,"height":0},"classes":[]},{"id":2943,"url":"https:\/\/muspot.art\/en\/o-muspocie\/","url_meta":{"origin":152,"position":3},"title":"ABOUT MUSPOT","author":"MUSPOT","date":"17 May 2025","format":false,"excerpt":"MUSPOT powsta\u0142 z potrzeby \u2013 i z codziennego do\u015bwiadczenia ludzi, kt\u00f3rzy \u017cyj\u0105 muzyk\u0105 ch\u00f3raln\u0105. Kompozytor\u00f3w, kt\u00f3rzy szukali miejsca, gdzie mogliby zaprezentowa\u0107 swoje utwory. Dyrygent\u00f3w, kt\u00f3rym brakowa\u0142o przejrzystego katalogu nowej muzyki. Ch\u00f3rzyst\u00f3w, kt\u00f3rzy chcieli szybciej i \u0142atwiej poznawa\u0107 wsp\u00f3\u0142czesny repertuar. Chcieli\u015bmy stworzy\u0107 przestrze\u0144, w kt\u00f3rej wsp\u00f3\u0142czesna polska muzyka ch\u00f3ralna b\u0119dzie widoczna,\u2026","rel":"","context":"Similar post","block_context":{"text":"Similar post","link":""},"img":{"alt_text":"","src":"https:\/\/i0.wp.com\/muspot.art\/wp-content\/uploads\/2023\/12\/20231206_010339_0000.png?resize=350%2C200&ssl=1","width":350,"height":200,"srcset":"https:\/\/i0.wp.com\/muspot.art\/wp-content\/uploads\/2023\/12\/20231206_010339_0000.png?resize=350%2C200&ssl=1 1x, https:\/\/i0.wp.com\/muspot.art\/wp-content\/uploads\/2023\/12\/20231206_010339_0000.png?resize=525%2C300&ssl=1 1.5x, https:\/\/i0.wp.com\/muspot.art\/wp-content\/uploads\/2023\/12\/20231206_010339_0000.png?resize=700%2C400&ssl=1 2x, https:\/\/i0.wp.com\/muspot.art\/wp-content\/uploads\/2023\/12\/20231206_010339_0000.png?resize=1050%2C600&ssl=1 3x, https:\/\/i0.wp.com\/muspot.art\/wp-content\/uploads\/2023\/12\/20231206_010339_0000.png?resize=1400%2C800&ssl=1 4x"},"classes":[]},{"id":1769,"url":"https:\/\/muspot.art\/en\/kompozytorzy\/marek-raczynski\/","url_meta":{"origin":152,"position":4},"title":"MAREK RACZY\u0143SKI","author":"MUSPOT","date":"7 August 2024","format":false,"excerpt":"Marek Raczy\u0144ski jest autorem wielu utwor\u00f3w wokalno- instrumentalnych, kameralnych form instrumentalnych, a tak\u017ce licznych aran\u017cacji. Szczeg\u00f3lne uznanie zyska\u0142y jednak jego kompozycje przeznaczone na ch\u00f3r a cappella. Obecnie znajduj\u0105 si\u0119 one w sta\u0142ym repertuarze zespo\u0142\u00f3w na ca\u0142ym \u015bwiecie (m.in.: USA, Argentyna, Meksyk, Japonia, Walia, Niemcy, Francja, Austria, Litwa, Holandia). Utwory Marka\u2026","rel":"","context":"Similar post","block_context":{"text":"Similar post","link":""},"img":{"alt_text":"","src":"","width":0,"height":0},"classes":[]}],"_links":{"self":[{"href":"https:\/\/muspot.art\/en\/wp-json\/wp\/v2\/pages\/152","targetHints":{"allow":["GET"]}}],"collection":[{"href":"https:\/\/muspot.art\/en\/wp-json\/wp\/v2\/pages"}],"about":[{"href":"https:\/\/muspot.art\/en\/wp-json\/wp\/v2\/types\/page"}],"author":[{"embeddable":true,"href":"https:\/\/muspot.art\/en\/wp-json\/wp\/v2\/users\/242172294"}],"replies":[{"embeddable":true,"href":"https:\/\/muspot.art\/en\/wp-json\/wp\/v2\/comments?post=152"}],"version-history":[{"count":5,"href":"https:\/\/muspot.art\/en\/wp-json\/wp\/v2\/pages\/152\/revisions"}],"predecessor-version":[{"id":4621,"href":"https:\/\/muspot.art\/en\/wp-json\/wp\/v2\/pages\/152\/revisions\/4621"}],"wp:attachment":[{"href":"https:\/\/muspot.art\/en\/wp-json\/wp\/v2\/media?parent=152"}],"wp:term":[{"taxonomy":"folder","embeddable":true,"href":"https:\/\/muspot.art\/en\/wp-json\/wp\/v2\/folder?post=152"}],"curies":[{"name":"wp","href":"https:\/\/api.w.org\/{rel}","templated":true}]}}